{"id":6830,"date":"2023-04-08T12:23:24","date_gmt":"2023-04-08T10:23:24","guid":{"rendered":"https:\/\/ikarusstagearts.com\/?page_id=6830"},"modified":"2023-05-03T11:22:09","modified_gmt":"2023-05-03T09:22:09","slug":"teatro-danzao","status":"publish","type":"page","link":"https:\/\/ikarusstagearts.com\/en\/teatro-danzao\/","title":{"rendered":"Teatro Danzao&#8217;"},"content":{"rendered":"<p><img decoding=\"async\" width=\"969\" height=\"442\" src=\"https:\/\/ikarusstagearts.com\/wp-content\/uploads\/2023\/04\/dana-969x442.png\" alt=\"\" loading=\"lazy\" \/>\t\t\t\t\t\t\t\t\t\t\t\t\t\t<\/p>\n<h1>TEATRO DANZAO&#8217;<br \/>\n<\/h1>\n<p style=\"text-align: right;\">&#8220;First time I came to Holstebro, I saw Land of Fire, a soloperformance by Carolina Pizarro and it touched me deeply.\u00a0<\/p>\n<p style=\"text-align: right;\">In my life there is definitely a before and an after meeting her and this theatre.&#8221;\u00a0<\/p>\n<p style=\"text-align: right;\">Ana Salazar, flamenco dancer<\/p>\n<p>A journey of astonishment and discovery in a space open to experimentation where Ana Salazar, professional flamenco dancer, will provide tools at an initial technical level to introduce participants to the world of flamenco, and in turn Carolina Pizarro, actress from Odin Teatret and director of Ikarus Stage Arts, will guide you through a stage creation process that will culminate in a show open to the public<\/p>\n<p>\t\t\t\t\t\t\t\t\t\t\t\t<img decoding=\"async\" width=\"1010\" height=\"677\" src=\"https:\/\/ikarusstagearts.com\/wp-content\/uploads\/2023\/04\/WhatsApp-Image-2023-04-08-at-11.05.56-1.jpeg\" alt=\"\" loading=\"lazy\" srcset=\"https:\/\/ikarusstagearts.com\/wp-content\/uploads\/2023\/04\/WhatsApp-Image-2023-04-08-at-11.05.56-1.jpeg 1010w, https:\/\/ikarusstagearts.com\/wp-content\/uploads\/2023\/04\/WhatsApp-Image-2023-04-08-at-11.05.56-1-300x201.jpeg 300w, https:\/\/ikarusstagearts.com\/wp-content\/uploads\/2023\/04\/WhatsApp-Image-2023-04-08-at-11.05.56-1-768x515.jpeg 768w, https:\/\/ikarusstagearts.com\/wp-content\/uploads\/2023\/04\/WhatsApp-Image-2023-04-08-at-11.05.56-1-18x12.jpeg 18w, https:\/\/ikarusstagearts.com\/wp-content\/uploads\/2023\/04\/WhatsApp-Image-2023-04-08-at-11.05.56-1-720x483.jpeg 720w\" sizes=\"auto, (max-width: 1010px) 100vw, 1010px\" \/>\t\t\t\t\t\t\t\t\t\t\t\t\t\t<\/p>\n<p>Flamenco is an original art from Andalusia, Spain, it is the result of the miscegenation of various cultures such as the gypsy and the Arab, among others. It is composed of traditional &#8220;toques, cantes and baile&#8221; to express various emotions and contains several theatrical elements that were identified and used during the workshop to create characters and enhance group scenes. The workshop it was divided into two modules:<\/p>\n<ul>\n<li><strong>Flamenco in a physical<\/strong><strong> and expressive level<\/strong><strong>:<\/strong> Presence based on physical and vocal training, applying principles from Flamenco dance<\/li>\n<li><strong>Creation in a narrati<\/strong><strong>ve level:<\/strong> Searching the meanings of the actions where the participants created individual scenes that were part of a choral montage.<\/li>\n<\/ul>\n<ol>\n<li><strong>Flamenco in a physical and expressive level: <\/strong><\/li>\n<\/ol>\n<p>Ana Salazar will introduced the participants theoretical and practical into the technique of Flamenco dance with different exercises an initiation level. The general aim is to give a solid base of introduction about Flamenco, from movement and singing, in order to apply it in the scene.<\/p>\n<p><strong>Contents: <\/strong><\/p>\n<ul>\n<li>Work with hands, hips, legs, variations of turns, collocation, changes of weight and axes, stamping of the feet, as well as strengthening of the tread, sole heel, wheelbarrow, etc.<\/li>\n<li>Introduction to the three different \u201cPalos\u201d (Dancing Styles) of Flamenco Dance and its \u201cClaquetas\u201d (Music Flamenco Styles).<\/li>\n<li>Selection of one \u201cPalo\u201d and learn to sing it.<\/li>\n<\/ul>\n<p><strong>2. Creation in a narrative level: <\/strong><\/p>\n<p>With Carolina Pizarro the participants will be immerse in the exploration of different strategies to create scenic material and discover the meaning of the actions from Flamenco dance in theatre. She will share her vision of <strong>training as a bridge to the creation <\/strong>from her experience as an actress and director.<\/p>\n<p><strong>\u00a0<\/strong><strong>Contents: <\/strong><\/p>\n<ul>\n<li>Narration based on creative training that allows to emerge new meanings.<\/li>\n<li>Differentiating between action and movement seeking a natural presence in a scene.<\/li>\n<li>Awakening conscience through improvisation and widening the possibilities of working with a character.<\/li>\n<\/ul>\n<p>\t\t\t\t\t\t\t\t\t\t\t\t<a href=\"\">January 2023<\/a><\/p>\n<p><strong>10th to 20th of January, 2023<\/strong><\/p>\n<p>Participants:\u00a0Dina Fisker Sandgreen, Francesca Tesoniero, Gabriela Arancibia, Gracia R\u00edos, Karin Ahlstr\u00f6m, Luis Alonso, Matias Carruitero, Michelle Marie Rodriguez, Mizar Antor\u00e1n Pilar, Pablo Lara, Salik Gudmundsen Lennert, Zuzana \u010eur\u00edkov\u00e1.\u00a0<\/p>\n<p>\t\t\t\t\t\t\t\t\t\t\t\t<a href=\"\">November 2022<\/a><\/p>\n<p><strong>29th October to 3rd of November, 2022.<\/strong><\/p>\n<p>Participants: Francesca Tesoniero, Gabriela Arancibia, Karin Ahlstr\u00f6m, Mat\u00edas Carruitero, Michelle Rodriguez, Pablo Lara, Gracia Rios, Zuzana \u010eur\u00edkov\u00e1.\u00a0<\/p>\n<h2>GALLERY<\/h2>\n<figure><img decoding=\"async\" src=\"https:\/\/ikarusstagearts.com\/wp-content\/uploads\/2023\/04\/WhatsApp-Image-2023-04-08-at-11.05.47-768x496.jpeg\" alt=\"WhatsApp Image 2023-04-08 at 11.05.47\" \/><\/figure>\n<figure><img decoding=\"async\" src=\"https:\/\/ikarusstagearts.com\/wp-content\/uploads\/2023\/04\/325377331_850767532814212_2682821632205997752_n-768x550.jpg\" alt=\"325377331_850767532814212_2682821632205997752_n\" \/><\/figure>\n<figure><img decoding=\"async\" src=\"https:\/\/ikarusstagearts.com\/wp-content\/uploads\/2023\/04\/324741939_727097818713285_312362271055995214_n-1-768x512.jpg\" alt=\"324741939_727097818713285_312362271055995214_n\" \/><\/figure>\n<figure><img decoding=\"async\" src=\"https:\/\/ikarusstagearts.com\/wp-content\/uploads\/2023\/05\/WhatsApp-Image-2023-04-08-at-11.06.17-768x539.jpeg\" alt=\"WhatsApp Image 2023-04-08 at 11.06.17\" \/><\/figure>\n<figure><img decoding=\"async\" src=\"https:\/\/ikarusstagearts.com\/wp-content\/uploads\/2023\/05\/WhatsApp-Image-2023-04-08-at-11.06.08-768x506.jpeg\" alt=\"WhatsApp Image 2023-04-08 at 11.06.08\" \/><\/figure>\n<figure><img decoding=\"async\" src=\"https:\/\/ikarusstagearts.com\/wp-content\/uploads\/2023\/05\/WhatsApp-Image-2023-04-08-at-11.06.34-768x521.jpeg\" alt=\"WhatsApp Image 2023-04-08 at 11.06.34\" \/><\/figure>\n<p>\t\t\t\t\t\t\t\t\t\t\t\tPrevious<br \/>\n\t\t\t\t\t\t\t\t\t\t\t\tNext<\/p>\n","protected":false},"excerpt":{"rendered":"<p>TEATRO DANZAO&#8217; &#8220;First time I came to Holstebro, I saw Land of Fire, a soloperformance by Carolina Pizarro and it [&hellip;]<\/p>\n","protected":false},"author":6,"featured_media":0,"parent":0,"menu_order":7,"comment_status":"closed","ping_status":"closed","template":"page-templates\/template_page-builder.php","meta":{"footnotes":""},"class_list":["post-6830","page","type-page","status-publish","hentry"],"yoast_head":"<!-- This site is optimized with the Yoast SEO plugin v27.5 - https:\/\/yoast.com\/product\/yoast-seo-wordpress\/ -->\n<title>Teatro Danzao&#039; - Ikarus Stage Arts<\/title>\n<meta name=\"robots\" content=\"index, follow, max-snippet:-1, max-image-preview:large, max-video-preview:-1\" \/>\n<link rel=\"canonical\" href=\"https:\/\/ikarusstagearts.com\/en\/teatro-danzao\/\" \/>\n<meta property=\"og:locale\" content=\"en_GB\" \/>\n<meta property=\"og:type\" content=\"article\" \/>\n<meta property=\"og:title\" content=\"Teatro Danzao&#039; - Ikarus Stage Arts\" \/>\n<meta property=\"og:description\" content=\"TEATRO DANZAO&#8217; &#8220;First time I came to Holstebro, I saw Land of Fire, a soloperformance by Carolina Pizarro and it [&hellip;]\" \/>\n<meta property=\"og:url\" content=\"https:\/\/ikarusstagearts.com\/en\/teatro-danzao\/\" \/>\n<meta property=\"og:site_name\" content=\"Ikarus Stage Arts\" \/>\n<meta property=\"article:publisher\" content=\"https:\/\/www.facebook.com\/ikarusstagearts\/\" \/>\n<meta property=\"article:modified_time\" content=\"2023-05-03T09:22:09+00:00\" \/>\n<meta property=\"og:image\" content=\"https:\/\/ikarusstagearts.com\/wp-content\/uploads\/2023\/04\/dana-969x442.png\" \/>\n<meta name=\"twitter:card\" content=\"summary_large_image\" \/>\n<meta name=\"twitter:label1\" content=\"Estimated reading time\" \/>\n\t<meta name=\"twitter:data1\" content=\"7 minutes\" \/>\n<script type=\"application\/ld+json\" class=\"yoast-schema-graph\">{\"@context\":\"https:\\\/\\\/schema.org\",\"@graph\":[{\"@type\":\"WebPage\",\"@id\":\"https:\\\/\\\/ikarusstagearts.com\\\/teatro-danzao\\\/\",\"url\":\"https:\\\/\\\/ikarusstagearts.com\\\/teatro-danzao\\\/\",\"name\":\"Teatro Danzao' - Ikarus Stage Arts\",\"isPartOf\":{\"@id\":\"https:\\\/\\\/ikarusstagearts.com\\\/en\\\/#website\"},\"primaryImageOfPage\":{\"@id\":\"https:\\\/\\\/ikarusstagearts.com\\\/teatro-danzao\\\/#primaryimage\"},\"image\":{\"@id\":\"https:\\\/\\\/ikarusstagearts.com\\\/teatro-danzao\\\/#primaryimage\"},\"thumbnailUrl\":\"https:\\\/\\\/ikarusstagearts.com\\\/wp-content\\\/uploads\\\/2023\\\/04\\\/dana-969x442.png\",\"datePublished\":\"2023-04-08T10:23:24+00:00\",\"dateModified\":\"2023-05-03T09:22:09+00:00\",\"breadcrumb\":{\"@id\":\"https:\\\/\\\/ikarusstagearts.com\\\/teatro-danzao\\\/#breadcrumb\"},\"inLanguage\":\"en-GB\",\"potentialAction\":[{\"@type\":\"ReadAction\",\"target\":[\"https:\\\/\\\/ikarusstagearts.com\\\/teatro-danzao\\\/\"]}]},{\"@type\":\"ImageObject\",\"inLanguage\":\"en-GB\",\"@id\":\"https:\\\/\\\/ikarusstagearts.com\\\/teatro-danzao\\\/#primaryimage\",\"url\":\"https:\\\/\\\/ikarusstagearts.com\\\/wp-content\\\/uploads\\\/2023\\\/04\\\/dana-969x442.png\",\"contentUrl\":\"https:\\\/\\\/ikarusstagearts.com\\\/wp-content\\\/uploads\\\/2023\\\/04\\\/dana-969x442.png\"},{\"@type\":\"BreadcrumbList\",\"@id\":\"https:\\\/\\\/ikarusstagearts.com\\\/teatro-danzao\\\/#breadcrumb\",\"itemListElement\":[{\"@type\":\"ListItem\",\"position\":1,\"name\":\"Home\",\"item\":\"https:\\\/\\\/ikarusstagearts.com\\\/en\\\/\"},{\"@type\":\"ListItem\",\"position\":2,\"name\":\"Teatro Danzao&#8217;\"}]},{\"@type\":\"WebSite\",\"@id\":\"https:\\\/\\\/ikarusstagearts.com\\\/en\\\/#website\",\"url\":\"https:\\\/\\\/ikarusstagearts.com\\\/en\\\/\",\"name\":\"Ikarus Stage Arts\",\"description\":\"\",\"publisher\":{\"@id\":\"https:\\\/\\\/ikarusstagearts.com\\\/en\\\/#organization\"},\"potentialAction\":[{\"@type\":\"SearchAction\",\"target\":{\"@type\":\"EntryPoint\",\"urlTemplate\":\"https:\\\/\\\/ikarusstagearts.com\\\/en\\\/?s={search_term_string}\"},\"query-input\":{\"@type\":\"PropertyValueSpecification\",\"valueRequired\":true,\"valueName\":\"search_term_string\"}}],\"inLanguage\":\"en-GB\"},{\"@type\":\"Organization\",\"@id\":\"https:\\\/\\\/ikarusstagearts.com\\\/en\\\/#organization\",\"name\":\"Ikarus Stage Arts\",\"url\":\"https:\\\/\\\/ikarusstagearts.com\\\/en\\\/\",\"logo\":{\"@type\":\"ImageObject\",\"inLanguage\":\"en-GB\",\"@id\":\"https:\\\/\\\/ikarusstagearts.com\\\/en\\\/#\\\/schema\\\/logo\\\/image\\\/\",\"url\":\"https:\\\/\\\/ikarusstagearts.com\\\/wp-content\\\/uploads\\\/2019\\\/09\\\/IMG_20190624_165442.jpg\",\"contentUrl\":\"https:\\\/\\\/ikarusstagearts.com\\\/wp-content\\\/uploads\\\/2019\\\/09\\\/IMG_20190624_165442.jpg\",\"width\":1536,\"height\":1152,\"caption\":\"Ikarus Stage Arts\"},\"image\":{\"@id\":\"https:\\\/\\\/ikarusstagearts.com\\\/en\\\/#\\\/schema\\\/logo\\\/image\\\/\"},\"sameAs\":[\"https:\\\/\\\/www.facebook.com\\\/ikarusstagearts\\\/\"]}]}<\/script>\n<!-- \/ Yoast SEO plugin. -->","yoast_head_json":{"title":"Teatro Danzao' - Ikarus Stage Arts","robots":{"index":"index","follow":"follow","max-snippet":"max-snippet:-1","max-image-preview":"max-image-preview:large","max-video-preview":"max-video-preview:-1"},"canonical":"https:\/\/ikarusstagearts.com\/en\/teatro-danzao\/","og_locale":"en_GB","og_type":"article","og_title":"Teatro Danzao' - Ikarus Stage Arts","og_description":"TEATRO DANZAO&#8217; &#8220;First time I came to Holstebro, I saw Land of Fire, a soloperformance by Carolina Pizarro and it [&hellip;]","og_url":"https:\/\/ikarusstagearts.com\/en\/teatro-danzao\/","og_site_name":"Ikarus Stage Arts","article_publisher":"https:\/\/www.facebook.com\/ikarusstagearts\/","article_modified_time":"2023-05-03T09:22:09+00:00","og_image":[{"url":"https:\/\/ikarusstagearts.com\/wp-content\/uploads\/2023\/04\/dana-969x442.png","type":"","width":"","height":""}],"twitter_card":"summary_large_image","twitter_misc":{"Estimated reading time":"7 minutes"},"schema":{"@context":"https:\/\/schema.org","@graph":[{"@type":"WebPage","@id":"https:\/\/ikarusstagearts.com\/teatro-danzao\/","url":"https:\/\/ikarusstagearts.com\/teatro-danzao\/","name":"Teatro Danzao' - Ikarus Stage Arts","isPartOf":{"@id":"https:\/\/ikarusstagearts.com\/en\/#website"},"primaryImageOfPage":{"@id":"https:\/\/ikarusstagearts.com\/teatro-danzao\/#primaryimage"},"image":{"@id":"https:\/\/ikarusstagearts.com\/teatro-danzao\/#primaryimage"},"thumbnailUrl":"https:\/\/ikarusstagearts.com\/wp-content\/uploads\/2023\/04\/dana-969x442.png","datePublished":"2023-04-08T10:23:24+00:00","dateModified":"2023-05-03T09:22:09+00:00","breadcrumb":{"@id":"https:\/\/ikarusstagearts.com\/teatro-danzao\/#breadcrumb"},"inLanguage":"en-GB","potentialAction":[{"@type":"ReadAction","target":["https:\/\/ikarusstagearts.com\/teatro-danzao\/"]}]},{"@type":"ImageObject","inLanguage":"en-GB","@id":"https:\/\/ikarusstagearts.com\/teatro-danzao\/#primaryimage","url":"https:\/\/ikarusstagearts.com\/wp-content\/uploads\/2023\/04\/dana-969x442.png","contentUrl":"https:\/\/ikarusstagearts.com\/wp-content\/uploads\/2023\/04\/dana-969x442.png"},{"@type":"BreadcrumbList","@id":"https:\/\/ikarusstagearts.com\/teatro-danzao\/#breadcrumb","itemListElement":[{"@type":"ListItem","position":1,"name":"Home","item":"https:\/\/ikarusstagearts.com\/en\/"},{"@type":"ListItem","position":2,"name":"Teatro Danzao&#8217;"}]},{"@type":"WebSite","@id":"https:\/\/ikarusstagearts.com\/en\/#website","url":"https:\/\/ikarusstagearts.com\/en\/","name":"Ikarus Stage Arts","description":"","publisher":{"@id":"https:\/\/ikarusstagearts.com\/en\/#organization"},"potentialAction":[{"@type":"SearchAction","target":{"@type":"EntryPoint","urlTemplate":"https:\/\/ikarusstagearts.com\/en\/?s={search_term_string}"},"query-input":{"@type":"PropertyValueSpecification","valueRequired":true,"valueName":"search_term_string"}}],"inLanguage":"en-GB"},{"@type":"Organization","@id":"https:\/\/ikarusstagearts.com\/en\/#organization","name":"Ikarus Stage Arts","url":"https:\/\/ikarusstagearts.com\/en\/","logo":{"@type":"ImageObject","inLanguage":"en-GB","@id":"https:\/\/ikarusstagearts.com\/en\/#\/schema\/logo\/image\/","url":"https:\/\/ikarusstagearts.com\/wp-content\/uploads\/2019\/09\/IMG_20190624_165442.jpg","contentUrl":"https:\/\/ikarusstagearts.com\/wp-content\/uploads\/2019\/09\/IMG_20190624_165442.jpg","width":1536,"height":1152,"caption":"Ikarus Stage Arts"},"image":{"@id":"https:\/\/ikarusstagearts.com\/en\/#\/schema\/logo\/image\/"},"sameAs":["https:\/\/www.facebook.com\/ikarusstagearts\/"]}]}},"_links":{"self":[{"href":"https:\/\/ikarusstagearts.com\/en\/wp-json\/wp\/v2\/pages\/6830","targetHints":{"allow":["GET"]}}],"collection":[{"href":"https:\/\/ikarusstagearts.com\/en\/wp-json\/wp\/v2\/pages"}],"about":[{"href":"https:\/\/ikarusstagearts.com\/en\/wp-json\/wp\/v2\/types\/page"}],"author":[{"embeddable":true,"href":"https:\/\/ikarusstagearts.com\/en\/wp-json\/wp\/v2\/users\/6"}],"replies":[{"embeddable":true,"href":"https:\/\/ikarusstagearts.com\/en\/wp-json\/wp\/v2\/comments?post=6830"}],"version-history":[{"count":19,"href":"https:\/\/ikarusstagearts.com\/en\/wp-json\/wp\/v2\/pages\/6830\/revisions"}],"predecessor-version":[{"id":6986,"href":"https:\/\/ikarusstagearts.com\/en\/wp-json\/wp\/v2\/pages\/6830\/revisions\/6986"}],"wp:attachment":[{"href":"https:\/\/ikarusstagearts.com\/en\/wp-json\/wp\/v2\/media?parent=6830"}],"curies":[{"name":"wp","href":"https:\/\/api.w.org\/{rel}","templated":true}]}}