{"id":4861,"date":"2022-03-14T20:56:59","date_gmt":"2022-03-14T19:56:59","guid":{"rendered":"https:\/\/ikarusstagearts.com\/?page_id=4861"},"modified":"2022-03-14T21:02:21","modified_gmt":"2022-03-14T20:02:21","slug":"la-guitarra-entropica","status":"publish","type":"page","link":"https:\/\/ikarusstagearts.com\/en\/performances\/la-guitarra-entropica\/","title":{"rendered":"LA GUITARRA ENTR\u00d3PICA"},"content":{"rendered":"<p><img decoding=\"async\" width=\"1024\" height=\"683\" src=\"https:\/\/ikarusstagearts.com\/wp-content\/uploads\/2022\/03\/IMG_4101-1-1024x683.jpg\" alt=\"\" loading=\"lazy\" srcset=\"https:\/\/ikarusstagearts.com\/wp-content\/uploads\/2022\/03\/IMG_4101-1-1024x683.jpg 1024w, https:\/\/ikarusstagearts.com\/wp-content\/uploads\/2022\/03\/IMG_4101-1-300x200.jpg 300w, https:\/\/ikarusstagearts.com\/wp-content\/uploads\/2022\/03\/IMG_4101-1-768x512.jpg 768w, https:\/\/ikarusstagearts.com\/wp-content\/uploads\/2022\/03\/IMG_4101-1-391x260.jpg 391w, https:\/\/ikarusstagearts.com\/wp-content\/uploads\/2022\/03\/IMG_4101-1-scaled.jpg 1536w, https:\/\/ikarusstagearts.com\/wp-content\/uploads\/2022\/03\/IMG_4101-1-2048x1365.jpg 2048w, https:\/\/ikarusstagearts.com\/wp-content\/uploads\/2022\/03\/IMG_4101-1-18x12.jpg 18w, https:\/\/ikarusstagearts.com\/wp-content\/uploads\/2022\/03\/IMG_4101-1-720x480.jpg 720w\" sizes=\"auto, (max-width: 1024px) 100vw, 1024px\" \/>\t\t\t\t\t\t\t\t\t\t\t\t\t\t<\/p>\n<h1>LA GUITARRA ENTR\u00d3PICA<\/h1>\n<p style=\"text-align: right;\">&#8220;Un viaje en guitarra, canto y narraci\u00f3n,<\/p>\n<p style=\"text-align: right;\">que recorre el mundo de las afinaciones campesinas<\/p>\n<p style=\"text-align: right;\">y algunas leyes fundamentales de la f\u00edsica.&#8221;<\/p>\n<p>La Guitarra Entr\u00f3pica es un concierto \u00edntimo y emotivo que presenta de manera did\u00e1ctica diferentes canciones e improvisaciones experimentales usando la t\u00e9cnica de la guitarra traspuesta.<\/p>\n<p>Un relato interconectado que entrelaza el amor, la identidad y la termodin\u00e1mica.\u00a0An\u00e9cdotas e historias van dando orden, entrop\u00eda negativa, a las distintas canciones e improvisaciones que conforman el viaje la Guitarra Entr\u00f3pica.\u00a0<br \/>\n\t\t\t\t\t\t\t\t\t\t\t\t<img decoding=\"async\" width=\"969\" height=\"399\" src=\"https:\/\/ikarusstagearts.com\/wp-content\/uploads\/2022\/03\/2022-03-14-4.png\" alt=\"\" loading=\"lazy\" srcset=\"https:\/\/ikarusstagearts.com\/wp-content\/uploads\/2022\/03\/2022-03-14-4.png 969w, https:\/\/ikarusstagearts.com\/wp-content\/uploads\/2022\/03\/2022-03-14-4-300x124.png 300w, https:\/\/ikarusstagearts.com\/wp-content\/uploads\/2022\/03\/2022-03-14-4-768x316.png 768w, https:\/\/ikarusstagearts.com\/wp-content\/uploads\/2022\/03\/2022-03-14-4-18x7.png 18w, https:\/\/ikarusstagearts.com\/wp-content\/uploads\/2022\/03\/2022-03-14-4-720x296.png 720w\" sizes=\"auto, (max-width: 969px) 100vw, 969px\" \/>\t\t\t\t\t\t\t\t\t\t\t\t\t\t<\/p>\n<h2>Origen<\/h2>\n<p>Inspirado en un taller impartido por la folklorista Patricia Chavarr\u00eda y el esp\u00edritu de las Anticuecas de Violeta Parra, nacieron distintas improvisaciones en ritmos y afinaciones campesinas, que dieron forma a un concierto creado en el contexto de una residencia art\u00edstica en Dinamarca, en el que se sum\u00f3 la inquietud de c\u00f3mo ciertas leyes elementales de la f\u00edsica pueden homologarse con nuestras vivencias &#8220;o no vivencias&#8221; personales y sociales.<\/p>\n<p>Estimulado &#8220;y no&#8221;, por la distancia al momento del estallido social en Chile.\u00a0<\/p>\n<p>\t\t\t\t\t\t\t\t\t\t\t\t<img decoding=\"async\" width=\"768\" height=\"361\" src=\"https:\/\/ikarusstagearts.com\/wp-content\/uploads\/2022\/03\/2022-03-14-6-768x361.png\" alt=\"\" loading=\"lazy\" srcset=\"https:\/\/ikarusstagearts.com\/wp-content\/uploads\/2022\/03\/2022-03-14-6-768x361.png 768w, https:\/\/ikarusstagearts.com\/wp-content\/uploads\/2022\/03\/2022-03-14-6-300x141.png 300w, https:\/\/ikarusstagearts.com\/wp-content\/uploads\/2022\/03\/2022-03-14-6-18x8.png 18w, https:\/\/ikarusstagearts.com\/wp-content\/uploads\/2022\/03\/2022-03-14-6-720x338.png 720w, https:\/\/ikarusstagearts.com\/wp-content\/uploads\/2022\/03\/2022-03-14-6.png 966w\" sizes=\"auto, (max-width: 768px) 100vw, 768px\" \/>\t\t\t\t\t\t\t\t\t\t\t\t\t\t<\/p>\n<h2>Guitarra Transpuesta<\/h2>\n<p>Esta t\u00e9cnica es una forma de tocar la guitarra utilizando afinaciones variadas. Era algo muy com\u00fan en el campo antes de la estandarizaci\u00f3n que trajo la modernizaci\u00f3n.\u00a0<\/p>\n<p>Cada afinaci\u00f3n se adapt\u00f3 a las cantoras y cantores, canciones e intrumentos.\u00a0<\/p>\n<p>Esta t\u00e9cnica fue heredada de la guitarra espa\u00f1ola renacentista, que lleg\u00f3 temprano al continente americano. Ha sido reinterpretada y conservada por cultores de la zona rural del centro sur de Chile.<\/p>\n<h2>INFORMACI\u00d3N T\u00c9CNICA<\/h2>\n<p style=\"letter-spacing: -0.1px;\"><b>Direcci\u00f3n:<\/b>\u00a0Carolina Pizarro<\/p>\n<p style=\"letter-spacing: -0.1px;\">Composiciones originales, arreglos musicales y texto: Gonzalo Hern\u00e1ndez<\/p>\n<p style=\"letter-spacing: -0.1px;\"><b>Estreno:<\/b>\u00a030 enero, 2020<\/p>\n<p style=\"letter-spacing: -0.1px;\"><b>Idiomas: <\/b>Espa\u00f1ol, Ingl\u00e9s<b>\u00a0<\/b><\/p>\n<p style=\"letter-spacing: -0.1px;\"><b>Recomendaci\u00f3n: <\/b>P\u00fablico desde los 13 a\u00f1os\u00a0<\/p>\n<p style=\"letter-spacing: -0.1px;\">Co-production:\u00a0IKARUS STAGE ARTS \/ NORDISK TEATERLABORATORIUM<\/p>\n<p style=\"letter-spacing: -0.1px;\">\u00a0<\/p>\n<p>\t\t\t\t\t\t\t\t\t\t\t\t<img decoding=\"async\" width=\"981\" height=\"689\" src=\"https:\/\/ikarusstagearts.com\/wp-content\/uploads\/2022\/03\/2022-03-14-14.png\" alt=\"\" loading=\"lazy\" srcset=\"https:\/\/ikarusstagearts.com\/wp-content\/uploads\/2022\/03\/2022-03-14-14.png 981w, https:\/\/ikarusstagearts.com\/wp-content\/uploads\/2022\/03\/2022-03-14-14-300x211.png 300w, https:\/\/ikarusstagearts.com\/wp-content\/uploads\/2022\/03\/2022-03-14-14-768x539.png 768w, https:\/\/ikarusstagearts.com\/wp-content\/uploads\/2022\/03\/2022-03-14-14-18x12.png 18w, https:\/\/ikarusstagearts.com\/wp-content\/uploads\/2022\/03\/2022-03-14-14-720x506.png 720w\" sizes=\"auto, (max-width: 981px) 100vw, 981px\" \/><br \/>\n\t\t\t\t\t\t\t\t\t\t\t\t<img decoding=\"async\" width=\"900\" height=\"581\" src=\"https:\/\/ikarusstagearts.com\/wp-content\/uploads\/2022\/03\/sdfse.png\" alt=\"\" loading=\"lazy\" srcset=\"https:\/\/ikarusstagearts.com\/wp-content\/uploads\/2022\/03\/sdfse.png 900w, https:\/\/ikarusstagearts.com\/wp-content\/uploads\/2022\/03\/sdfse-300x194.png 300w, https:\/\/ikarusstagearts.com\/wp-content\/uploads\/2022\/03\/sdfse-768x496.png 768w, https:\/\/ikarusstagearts.com\/wp-content\/uploads\/2022\/03\/sdfse-18x12.png 18w, https:\/\/ikarusstagearts.com\/wp-content\/uploads\/2022\/03\/sdfse-720x465.png 720w\" sizes=\"auto, (max-width: 900px) 100vw, 900px\" \/>\t\t\t\t\t\t\t\t\t\t\t\t\t\t<\/p>\n<h2>Gonzalo Hern\u00e1ndez<\/h2>\n<p>\t\t\t\t\t\t\t\t\t\t\t\t<img decoding=\"async\" width=\"381\" height=\"440\" src=\"https:\/\/ikarusstagearts.com\/wp-content\/uploads\/2022\/03\/2022-03-14-12.png\" alt=\"\" loading=\"lazy\" srcset=\"https:\/\/ikarusstagearts.com\/wp-content\/uploads\/2022\/03\/2022-03-14-12.png 381w, https:\/\/ikarusstagearts.com\/wp-content\/uploads\/2022\/03\/2022-03-14-12-260x300.png 260w, https:\/\/ikarusstagearts.com\/wp-content\/uploads\/2022\/03\/2022-03-14-12-10x12.png 10w\" sizes=\"auto, (max-width: 381px) 100vw, 381px\" \/>\t\t\t\t\t\t\t\t\t\t\t\t\t\t<\/p>\n<p>M\u00fasico, multiintrumentalista, cantante, compositor y actor.\u00a0<\/p>\n<p>Como guitarrista incorpora elementos del folklor, la guitarra cl\u00e1sica y el jazz a su trabajo, que oscila entre la creaci\u00f3n de canciones con especial enfoque en las letras, poes\u00edas y m\u00e9tricas propias del folclor latinoramerica, hasta la composici\u00f3n de piezas instrumentales y corales.\u00a0<\/p>\n<p>Entra al mundo del teatro como m\u00fasico en escena de obras de teatro, mientras cursaba sus estudios de m\u00fasica en la Universidad de Chile. Para luego entrar al mundo de la narraci\u00f3n en cuentacuentos y luego adentrarse en el entrenamiento de teatro de los maestros del Odin Teatret.\u00a0<\/p>\n<p>Ha estado involucrado en proyectos en m\u00faltiples compa\u00f1\u00edas de teatro recorriendo el pa\u00eds con el fin de acercar el arte en peque\u00f1as comunidades con obras de teatro, cuenta cuentos y talleres.\u00a0<\/p>\n<p>Cofundador y miembro de Ikarus Stage Arts desde 2017, participando como director musical, entrenador musical, compositor y actor, con rpesentaciones en Europa, China, Estados Unidos y M\u00e9xico.<\/p>\n<p>GALERIA<\/p>\n<figure><img decoding=\"async\" src=\"https:\/\/ikarusstagearts.com\/wp-content\/uploads\/2022\/03\/IMG_4133-768x512.jpg\" alt=\"IMG_4133\" \/><\/figure>\n<figure><img decoding=\"async\" src=\"https:\/\/ikarusstagearts.com\/wp-content\/uploads\/2022\/03\/IMG_4019-768x512.jpg\" alt=\"IMG_4019\" \/><\/figure>\n<figure><img decoding=\"async\" src=\"https:\/\/ikarusstagearts.com\/wp-content\/uploads\/2022\/03\/uhugv-768x614.png\" alt=\"uhugv\" \/><\/figure>\n<p>\t\t\t\t\t\t\t\t\t\t\t\tPrevious<br \/>\n\t\t\t\t\t\t\t\t\t\t\t\tNext<\/p>\n<h2>TEASER<\/h2>\n<p>\t\t<iframe loading=\"lazy\" title=\"La Guitarra Entr\u00f3pica - Gonzalo Hern\u00e1ndez, directed by Carolina Pizarro (Odin Teatret)\" width=\"1170\" height=\"658\" src=\"https:\/\/www.youtube.com\/embed\/DFRTb9Rqu6Y?feature=oembed\" frameborder=\"0\" allow=\"accelerometer; autoplay; clipboard-write; encrypted-media; gyroscope; picture-in-picture\" allowfullscreen><\/iframe><\/p>\n","protected":false},"excerpt":{"rendered":"<p>LA GUITARRA ENTR\u00d3PICA &#8220;Un viaje en guitarra, canto y narraci\u00f3n, que recorre el mundo de las afinaciones campesinas y algunas [&hellip;]<\/p>\n","protected":false},"author":10,"featured_media":0,"parent":407,"menu_order":4,"comment_status":"closed","ping_status":"closed","template":"page-templates\/template_page-builder.php","meta":{"footnotes":""},"class_list":["post-4861","page","type-page","status-publish","hentry"],"yoast_head":"<!-- This site is optimized with the Yoast SEO plugin v27.4 - https:\/\/yoast.com\/product\/yoast-seo-wordpress\/ -->\n<title>LA GUITARRA ENTR\u00d3PICA - Ikarus Stage Arts<\/title>\n<meta name=\"robots\" content=\"index, follow, max-snippet:-1, max-image-preview:large, max-video-preview:-1\" \/>\n<link rel=\"canonical\" href=\"https:\/\/ikarusstagearts.com\/en\/performances\/la-guitarra-entropica\/\" \/>\n<meta property=\"og:locale\" content=\"en_GB\" \/>\n<meta property=\"og:type\" content=\"article\" \/>\n<meta property=\"og:title\" content=\"LA GUITARRA ENTR\u00d3PICA - Ikarus Stage Arts\" \/>\n<meta property=\"og:description\" content=\"LA GUITARRA ENTR\u00d3PICA &#8220;Un viaje en guitarra, canto y narraci\u00f3n, que recorre el mundo de las afinaciones campesinas y algunas [&hellip;]\" \/>\n<meta property=\"og:url\" content=\"https:\/\/ikarusstagearts.com\/en\/performances\/la-guitarra-entropica\/\" \/>\n<meta property=\"og:site_name\" content=\"Ikarus Stage Arts\" \/>\n<meta property=\"article:publisher\" content=\"https:\/\/www.facebook.com\/ikarusstagearts\/\" \/>\n<meta property=\"article:modified_time\" content=\"2022-03-14T20:02:21+00:00\" \/>\n<meta property=\"og:image\" content=\"https:\/\/ikarusstagearts.com\/wp-content\/uploads\/2022\/03\/IMG_4101-1-1024x683.jpg\" \/>\n<meta name=\"twitter:card\" content=\"summary_large_image\" \/>\n<meta name=\"twitter:label1\" content=\"Estimated reading time\" \/>\n\t<meta name=\"twitter:data1\" content=\"5 minutes\" \/>\n<script type=\"application\/ld+json\" class=\"yoast-schema-graph\">{\"@context\":\"https:\\\/\\\/schema.org\",\"@graph\":[{\"@type\":\"WebPage\",\"@id\":\"https:\\\/\\\/ikarusstagearts.com\\\/performances\\\/la-guitarra-entropica\\\/\",\"url\":\"https:\\\/\\\/ikarusstagearts.com\\\/performances\\\/la-guitarra-entropica\\\/\",\"name\":\"LA GUITARRA ENTR\u00d3PICA - Ikarus Stage Arts\",\"isPartOf\":{\"@id\":\"https:\\\/\\\/ikarusstagearts.com\\\/en\\\/#website\"},\"primaryImageOfPage\":{\"@id\":\"https:\\\/\\\/ikarusstagearts.com\\\/performances\\\/la-guitarra-entropica\\\/#primaryimage\"},\"image\":{\"@id\":\"https:\\\/\\\/ikarusstagearts.com\\\/performances\\\/la-guitarra-entropica\\\/#primaryimage\"},\"thumbnailUrl\":\"https:\\\/\\\/ikarusstagearts.com\\\/wp-content\\\/uploads\\\/2022\\\/03\\\/IMG_4101-1-1024x683.jpg\",\"datePublished\":\"2022-03-14T19:56:59+00:00\",\"dateModified\":\"2022-03-14T20:02:21+00:00\",\"breadcrumb\":{\"@id\":\"https:\\\/\\\/ikarusstagearts.com\\\/performances\\\/la-guitarra-entropica\\\/#breadcrumb\"},\"inLanguage\":\"en-GB\",\"potentialAction\":[{\"@type\":\"ReadAction\",\"target\":[\"https:\\\/\\\/ikarusstagearts.com\\\/performances\\\/la-guitarra-entropica\\\/\"]}]},{\"@type\":\"ImageObject\",\"inLanguage\":\"en-GB\",\"@id\":\"https:\\\/\\\/ikarusstagearts.com\\\/performances\\\/la-guitarra-entropica\\\/#primaryimage\",\"url\":\"https:\\\/\\\/ikarusstagearts.com\\\/wp-content\\\/uploads\\\/2022\\\/03\\\/IMG_4101-1-1024x683.jpg\",\"contentUrl\":\"https:\\\/\\\/ikarusstagearts.com\\\/wp-content\\\/uploads\\\/2022\\\/03\\\/IMG_4101-1-1024x683.jpg\"},{\"@type\":\"BreadcrumbList\",\"@id\":\"https:\\\/\\\/ikarusstagearts.com\\\/performances\\\/la-guitarra-entropica\\\/#breadcrumb\",\"itemListElement\":[{\"@type\":\"ListItem\",\"position\":1,\"name\":\"Home\",\"item\":\"https:\\\/\\\/ikarusstagearts.com\\\/en\\\/\"},{\"@type\":\"ListItem\",\"position\":2,\"name\":\"Performances\",\"item\":\"https:\\\/\\\/ikarusstagearts.com\\\/performances\\\/\"},{\"@type\":\"ListItem\",\"position\":3,\"name\":\"LA GUITARRA ENTR\u00d3PICA\"}]},{\"@type\":\"WebSite\",\"@id\":\"https:\\\/\\\/ikarusstagearts.com\\\/en\\\/#website\",\"url\":\"https:\\\/\\\/ikarusstagearts.com\\\/en\\\/\",\"name\":\"Ikarus Stage Arts\",\"description\":\"\",\"publisher\":{\"@id\":\"https:\\\/\\\/ikarusstagearts.com\\\/en\\\/#organization\"},\"potentialAction\":[{\"@type\":\"SearchAction\",\"target\":{\"@type\":\"EntryPoint\",\"urlTemplate\":\"https:\\\/\\\/ikarusstagearts.com\\\/en\\\/?s={search_term_string}\"},\"query-input\":{\"@type\":\"PropertyValueSpecification\",\"valueRequired\":true,\"valueName\":\"search_term_string\"}}],\"inLanguage\":\"en-GB\"},{\"@type\":\"Organization\",\"@id\":\"https:\\\/\\\/ikarusstagearts.com\\\/en\\\/#organization\",\"name\":\"Ikarus Stage Arts\",\"url\":\"https:\\\/\\\/ikarusstagearts.com\\\/en\\\/\",\"logo\":{\"@type\":\"ImageObject\",\"inLanguage\":\"en-GB\",\"@id\":\"https:\\\/\\\/ikarusstagearts.com\\\/en\\\/#\\\/schema\\\/logo\\\/image\\\/\",\"url\":\"https:\\\/\\\/ikarusstagearts.com\\\/wp-content\\\/uploads\\\/2019\\\/09\\\/IMG_20190624_165442.jpg\",\"contentUrl\":\"https:\\\/\\\/ikarusstagearts.com\\\/wp-content\\\/uploads\\\/2019\\\/09\\\/IMG_20190624_165442.jpg\",\"width\":1536,\"height\":1152,\"caption\":\"Ikarus Stage Arts\"},\"image\":{\"@id\":\"https:\\\/\\\/ikarusstagearts.com\\\/en\\\/#\\\/schema\\\/logo\\\/image\\\/\"},\"sameAs\":[\"https:\\\/\\\/www.facebook.com\\\/ikarusstagearts\\\/\"]}]}<\/script>\n<!-- \/ Yoast SEO plugin. -->","yoast_head_json":{"title":"LA GUITARRA ENTR\u00d3PICA - Ikarus Stage Arts","robots":{"index":"index","follow":"follow","max-snippet":"max-snippet:-1","max-image-preview":"max-image-preview:large","max-video-preview":"max-video-preview:-1"},"canonical":"https:\/\/ikarusstagearts.com\/en\/performances\/la-guitarra-entropica\/","og_locale":"en_GB","og_type":"article","og_title":"LA GUITARRA ENTR\u00d3PICA - Ikarus Stage Arts","og_description":"LA GUITARRA ENTR\u00d3PICA &#8220;Un viaje en guitarra, canto y narraci\u00f3n, que recorre el mundo de las afinaciones campesinas y algunas [&hellip;]","og_url":"https:\/\/ikarusstagearts.com\/en\/performances\/la-guitarra-entropica\/","og_site_name":"Ikarus Stage Arts","article_publisher":"https:\/\/www.facebook.com\/ikarusstagearts\/","article_modified_time":"2022-03-14T20:02:21+00:00","og_image":[{"url":"https:\/\/ikarusstagearts.com\/wp-content\/uploads\/2022\/03\/IMG_4101-1-1024x683.jpg","type":"","width":"","height":""}],"twitter_card":"summary_large_image","twitter_misc":{"Estimated reading time":"5 minutes"},"schema":{"@context":"https:\/\/schema.org","@graph":[{"@type":"WebPage","@id":"https:\/\/ikarusstagearts.com\/performances\/la-guitarra-entropica\/","url":"https:\/\/ikarusstagearts.com\/performances\/la-guitarra-entropica\/","name":"LA GUITARRA ENTR\u00d3PICA - Ikarus Stage Arts","isPartOf":{"@id":"https:\/\/ikarusstagearts.com\/en\/#website"},"primaryImageOfPage":{"@id":"https:\/\/ikarusstagearts.com\/performances\/la-guitarra-entropica\/#primaryimage"},"image":{"@id":"https:\/\/ikarusstagearts.com\/performances\/la-guitarra-entropica\/#primaryimage"},"thumbnailUrl":"https:\/\/ikarusstagearts.com\/wp-content\/uploads\/2022\/03\/IMG_4101-1-1024x683.jpg","datePublished":"2022-03-14T19:56:59+00:00","dateModified":"2022-03-14T20:02:21+00:00","breadcrumb":{"@id":"https:\/\/ikarusstagearts.com\/performances\/la-guitarra-entropica\/#breadcrumb"},"inLanguage":"en-GB","potentialAction":[{"@type":"ReadAction","target":["https:\/\/ikarusstagearts.com\/performances\/la-guitarra-entropica\/"]}]},{"@type":"ImageObject","inLanguage":"en-GB","@id":"https:\/\/ikarusstagearts.com\/performances\/la-guitarra-entropica\/#primaryimage","url":"https:\/\/ikarusstagearts.com\/wp-content\/uploads\/2022\/03\/IMG_4101-1-1024x683.jpg","contentUrl":"https:\/\/ikarusstagearts.com\/wp-content\/uploads\/2022\/03\/IMG_4101-1-1024x683.jpg"},{"@type":"BreadcrumbList","@id":"https:\/\/ikarusstagearts.com\/performances\/la-guitarra-entropica\/#breadcrumb","itemListElement":[{"@type":"ListItem","position":1,"name":"Home","item":"https:\/\/ikarusstagearts.com\/en\/"},{"@type":"ListItem","position":2,"name":"Performances","item":"https:\/\/ikarusstagearts.com\/performances\/"},{"@type":"ListItem","position":3,"name":"LA GUITARRA ENTR\u00d3PICA"}]},{"@type":"WebSite","@id":"https:\/\/ikarusstagearts.com\/en\/#website","url":"https:\/\/ikarusstagearts.com\/en\/","name":"Ikarus Stage Arts","description":"","publisher":{"@id":"https:\/\/ikarusstagearts.com\/en\/#organization"},"potentialAction":[{"@type":"SearchAction","target":{"@type":"EntryPoint","urlTemplate":"https:\/\/ikarusstagearts.com\/en\/?s={search_term_string}"},"query-input":{"@type":"PropertyValueSpecification","valueRequired":true,"valueName":"search_term_string"}}],"inLanguage":"en-GB"},{"@type":"Organization","@id":"https:\/\/ikarusstagearts.com\/en\/#organization","name":"Ikarus Stage Arts","url":"https:\/\/ikarusstagearts.com\/en\/","logo":{"@type":"ImageObject","inLanguage":"en-GB","@id":"https:\/\/ikarusstagearts.com\/en\/#\/schema\/logo\/image\/","url":"https:\/\/ikarusstagearts.com\/wp-content\/uploads\/2019\/09\/IMG_20190624_165442.jpg","contentUrl":"https:\/\/ikarusstagearts.com\/wp-content\/uploads\/2019\/09\/IMG_20190624_165442.jpg","width":1536,"height":1152,"caption":"Ikarus Stage Arts"},"image":{"@id":"https:\/\/ikarusstagearts.com\/en\/#\/schema\/logo\/image\/"},"sameAs":["https:\/\/www.facebook.com\/ikarusstagearts\/"]}]}},"_links":{"self":[{"href":"https:\/\/ikarusstagearts.com\/en\/wp-json\/wp\/v2\/pages\/4861","targetHints":{"allow":["GET"]}}],"collection":[{"href":"https:\/\/ikarusstagearts.com\/en\/wp-json\/wp\/v2\/pages"}],"about":[{"href":"https:\/\/ikarusstagearts.com\/en\/wp-json\/wp\/v2\/types\/page"}],"author":[{"embeddable":true,"href":"https:\/\/ikarusstagearts.com\/en\/wp-json\/wp\/v2\/users\/10"}],"replies":[{"embeddable":true,"href":"https:\/\/ikarusstagearts.com\/en\/wp-json\/wp\/v2\/comments?post=4861"}],"version-history":[{"count":34,"href":"https:\/\/ikarusstagearts.com\/en\/wp-json\/wp\/v2\/pages\/4861\/revisions"}],"predecessor-version":[{"id":4912,"href":"https:\/\/ikarusstagearts.com\/en\/wp-json\/wp\/v2\/pages\/4861\/revisions\/4912"}],"up":[{"embeddable":true,"href":"https:\/\/ikarusstagearts.com\/en\/wp-json\/wp\/v2\/pages\/407"}],"wp:attachment":[{"href":"https:\/\/ikarusstagearts.com\/en\/wp-json\/wp\/v2\/media?parent=4861"}],"curies":[{"name":"wp","href":"https:\/\/api.w.org\/{rel}","templated":true}]}}