{"id":407,"date":"2019-09-22T09:23:31","date_gmt":"2019-09-22T07:23:31","guid":{"rendered":"https:\/\/ikarusstagearts.com\/creations\/performances\/"},"modified":"2025-11-04T01:56:48","modified_gmt":"2025-11-04T00:56:48","slug":"performances","status":"publish","type":"page","link":"https:\/\/ikarusstagearts.com\/en\/performances\/","title":{"rendered":"Performances"},"content":{"rendered":"<p><img decoding=\"async\" width=\"1023\" height=\"588\" src=\"https:\/\/ikarusstagearts.com\/wp-content\/uploads\/2023\/10\/IMG-20230617-WA0009.jpg\" alt=\"\" loading=\"lazy\" srcset=\"https:\/\/ikarusstagearts.com\/wp-content\/uploads\/2023\/10\/IMG-20230617-WA0009.jpg 1023w, https:\/\/ikarusstagearts.com\/wp-content\/uploads\/2023\/10\/IMG-20230617-WA0009-300x172.jpg 300w, https:\/\/ikarusstagearts.com\/wp-content\/uploads\/2023\/10\/IMG-20230617-WA0009-768x441.jpg 768w, https:\/\/ikarusstagearts.com\/wp-content\/uploads\/2023\/10\/IMG-20230617-WA0009-18x10.jpg 18w, https:\/\/ikarusstagearts.com\/wp-content\/uploads\/2023\/10\/IMG-20230617-WA0009-720x414.jpg 720w\" sizes=\"auto, (max-width: 1023px) 100vw, 1023px\" \/>\t\t\t\t\t\t\t\t\t\t\t\t\t\t<\/p>\n<h4 style=\"text-align: left;\">Ikarus\u2019 repertoire is incredibly diverse, including street shows, parades, performances, theatrical concerts.\u00a0<\/h4>\n<h4 style=\"text-align: left;\">Ikarus Stage Arts repertoir, has taken part in numerous events and festivals in Europe, Asia and America addressing all sorts of audiences.<\/h4>\n<h4 style=\"text-align: left;\">Alongside with their creative activity, Ikarus Stage Arts organizes a wide range of research projects for professional artists, as well as meetings that seek to enable social inclusion and development through performing arts.<\/h4>\n<h2>OUTDOOR PERFORMANCES<\/h2>\n<figure><a href=\"https:\/\/ikarusstagearts.com\/en\/performances\/the-blue-apple\/\"><img decoding=\"async\" width=\"390\" height=\"280\" src=\"https:\/\/ikarusstagearts.com\/wp-content\/uploads\/2022\/03\/blue-apple-390x280.jpg\" alt=\"\" loading=\"lazy\" \/><\/a><\/figure>\n<h3><a href=\"https:\/\/ikarusstagearts.com\/en\/performances\/the-blue-apple\/\">THE BLUE APPLE<\/a><\/h3>\n<figure><a href=\"https:\/\/ikarusstagearts.com\/en\/performances\/invasion-a-parade-of-unicorns\/\"><img decoding=\"async\" width=\"390\" height=\"280\" src=\"https:\/\/ikarusstagearts.com\/wp-content\/uploads\/2023\/08\/IMG-20230617-WA0008-390x280.jpg\" alt=\"\" loading=\"lazy\" \/><\/a><\/figure>\n<h3><a href=\"https:\/\/ikarusstagearts.com\/en\/performances\/invasion-a-parade-of-unicorns\/\">INVASION &#8211; A PARADE OF UNICORNS<\/a><\/h3>\n<h2>INDOOR PERFORMANCES<\/h2>\n<figure><a href=\"https:\/\/ikarusstagearts.com\/en\/performances\/te-duele\/\"><img decoding=\"async\" width=\"390\" height=\"280\" src=\"https:\/\/ikarusstagearts.com\/wp-content\/uploads\/2019\/09\/Captura-de-pantalla-2019-09-23-a-las-21.18.27-1-e1612177105814-390x280.jpg\" alt=\"\" loading=\"lazy\" \/><\/a><\/figure>\n<h3><a href=\"https:\/\/ikarusstagearts.com\/en\/performances\/te-duele\/\">TE DUELE?<\/a><\/h3>\n<figure><a href=\"https:\/\/ikarusstagearts.com\/en\/performances\/the-sparkle-of-a-black-river\/\"><img decoding=\"async\" width=\"390\" height=\"280\" src=\"https:\/\/ikarusstagearts.com\/wp-content\/uploads\/2023\/03\/P1077559-1-390x280.jpeg\" alt=\"\" loading=\"lazy\" \/><\/a><\/figure>\n<h3><a href=\"https:\/\/ikarusstagearts.com\/en\/performances\/the-sparkle-of-a-black-river\/\">THE SPARKLE OF A BLACK RIVER<\/a><\/h3>\n<h2>CONCERTS<\/h2>\n<figure><a href=\"https:\/\/ikarusstagearts.com\/en\/performances\/the-southern-cimbalom\/\"><img decoding=\"async\" width=\"1536\" height=\"1024\" src=\"https:\/\/ikarusstagearts.com\/wp-content\/uploads\/2022\/03\/Rodrigo-Contreras-1-scaled.jpg\" alt=\"\" loading=\"lazy\" \/><\/a><\/figure>\n<h3><a href=\"https:\/\/ikarusstagearts.com\/en\/performances\/the-southern-cimbalom\/\">THE SOUTHERN CIMBALOM<\/a><\/h3>\n<figure><a href=\"https:\/\/ikarusstagearts.com\/en\/performances\/la-guitarra-entropica\/\"><img decoding=\"async\" width=\"390\" height=\"280\" src=\"https:\/\/ikarusstagearts.com\/wp-content\/uploads\/2020\/07\/DSC_0604-scaled-e1612177221196-390x280.jpg\" alt=\"\" loading=\"lazy\" \/><\/a><\/figure>\n<h3><a href=\"https:\/\/ikarusstagearts.com\/en\/performances\/la-guitarra-entropica\/\">LA GUITARRA ENTR\u00d3PICA<\/a><\/h3>\n<h2>PAST PERFORMANCES <\/h2>\n<p>\t\t\t\t\t\t\t\t\t\t\t\t<a href=\"\">2024. THE SPARKLE OF A BLACK RIVER<\/a><br \/>\n\t\t\t\t\t\t\t\t\t\t\t\t<a href=\"\">2022. ARCANUM ZERO<\/a><\/p>\n<p><b>Sinopsis<\/b><\/p>\n<p>Obsessed with being able to start playing and representing different roles, a patient begins to participate in a theatre workshop called &#8220;Crearte&#8221;<\/p>\n<p>Some fictional characters, like Dido from Aeneid written by Virgilio, or real people like\u00a0 Valerie Solanas, who shot Andy Warhol, allow her to establish another time and space, awakening her affections, dreams, desires and the ability to imagine.<\/p>\n<p>Her body and the different roles that she plays change her capacity of self-recognition and the limits between reality and fiction are being transgressed during the medical visits at the psychiatric hospital.<\/p>\n<p><b>Technical information<\/b><\/p>\n<p>Director: Carolina Pizarro<\/p>\n<p>Actress: Francesca Tesoniero<\/p>\n<p>Assistant director:\u00a0 Gabriela Arancibia<\/p>\n<p>Musical director assistant: Gonzalo Hern\u00e1ndez<\/p>\n<p>Lighting design\u00a0Ileana Garc\u00eda Luj\u00e1n\u00a0<\/p>\n<p>\t\t\t\t\t\t\t\t\t\t\t\t<a href=\"\">2020- 2022. THE TOWN MUSICIANS OF BREMEN<\/a><\/p>\n<p>The performance was based on the story of The Town Musicians of Bremen, a tale written by the Brothers Grimm.\u00a0<\/p>\n<p>Clown, Comedia Dell\u2019Arte and physical comedy were some of the tools Ikarus Stage Arts used in this production to tell the story of this peculiar group of animal-musicians.<\/p>\n<p><b>Technical information<\/b><\/p>\n<p>Director: Carolina Pizarro<\/p>\n<p>Assistant director:\u00a0 Gabriela Arancibia<\/p>\n<p>Music assistance: Gonzalo Hern\u00e1ndez, Rodrigo Contreras.\u00a0<\/p>\n<p>Actors: Gonzalo Hern\u00e1ndez, Jakob Nielsen, Jo\u00e3o Silva, Matias Carruitero,\u00a0 Pablo Lara, Sigrid Norheim, Simon Samuelsson, Yang Hui Tsyr.\u00a0<\/p>\n<p style=\"text-align: center;\">This performance was a Co-production between Hjerl Hede and Nordisk Teaterlaboratorium.\u00a0<\/p>\n<p style=\"text-align: center;\">\u00a0<\/p>\n<p>\t\t\t\t\t\t\t\t\t\t\t\t<a href=\"\">2021. ROOTS FROM THE SKY. The girl that got into a suitcase and appeared in &#8220;P&#8221;<\/a><\/p>\n<p>Performance based on the real story of Isabel Silva from Guinea Bissau.<\/p>\n<p>&#8220;One day, in a hot country with red earth, the trees started to get sick and the girl, not knowing how to take care of them, decided to leave her country in order to find a cure.\u00a0<\/p>\n<p>But when she arrived at that new land, something bigger started to blossom within her and her desires were swept by the river.\u00a0<\/p>\n<p>Her boy, now a man, collects dreams and put them in a box to send them to his mother.&#8221;<\/p>\n<p>\u00a0<\/p>\n<p>Technical information<\/p>\n<p>Directed: Carolina Pizarro<\/p>\n<p>Performers: Jo\u00e3o Carlos Silva and Michelle Marie Rodriguez.\u00a0<\/p>\n<p>Assistant director: Gabriela Arancibia<\/p>\n<p>Set design: Francesca Tesoniero.\u00a0<\/p>\n<p>Text adviser: Benjamin Slavutzky<\/p>\n<p style=\"text-align: center;\"><em>This performance was created\u00a0 for being part of\u00a0 an European project in 2021.\u00a0<\/em><\/p>\n<p>\t\t\t\t\t\t\t\t\t\t\t\t<a href=\"\">2022. METAMORPHOSIS<\/a><\/p>\n<p>Metamorphosis was a journey through the East.<\/p>\n<p>This theatrical concert was filled with the joy, the intensity and, sometimes, the melancholy of the Eastern-European countries, as well as with some elements from clown, that helped to comform the structure of the piece.<\/p>\n<p>Technical information<b><br \/><\/b><\/p>\n<p><b>Di<\/b>rector: Carolina Pizarro<\/p>\n<p>Musical director: Rodrigo Contreras<\/p>\n<p>Actors &#8211; Musicians:\u00a0 Gabriela Arancibia, Jo\u00e3o Silva, Matias Carruitero, Michelle Rodr\u00edguez,\u00a0 Pablo Lara, Rodrigo Contreras, Sigrid Norheim, Simon Samuelsson, Yang Hui Tsyr, Zuzana \u010eur\u00edkov\u00e1.<\/p>\n<p>\t\t\t\t\t\t\t\t\t\t\t\t<a href=\"\">2022. NO BORDER<\/a><\/p>\n<p><b>Meeting between theatre and dance.<\/b><\/p>\n<p>\u201cNo Border\u201d is a dance and theater co-production which is a fusion of two existing performances: \u201cArcanum zero \u2013 when madness is on stage\u201d (Ikarus Stage Arts | Nordisk Teaterlaboratorium- Odin Teatret) and \u201cTo be heard\u201d (B\u2019cause Dance Company). Both performances present a collage of different stories in which reality is blending with fiction. This performance is an experiment that tries to combine not only the forms of theater and dance, but also two parallel stories. It is a dialogue between different art forms, characters, means of expression, stories and people.<\/p>\n<p><b>Organisers<\/b>:<\/p>\n<ul>\n<li>B\u2019cause Foundation<\/li>\n<li>B\u2019cause Dance Company<\/li>\n<\/ul>\n<p><b>Co-organisers<\/b>:<\/p>\n<ul>\n<li>Ikarus Stage Arts<\/li>\n<li>Nordisk Teaterlaboratorium \u2013 Odin Teatret<\/li>\n<\/ul>\n<p><b>Partners<\/b>:<\/p>\n<ul>\n<li>Center of Theater and Dance in Warsaw<\/li>\n<li>Project co-financed by the Capital City of Warsaw<\/li>\n<\/ul>\n<p><strong>Technical information<\/strong><\/p>\n<p>Directed:\u00a0Carolina Pizarro<br \/>Choreography:\u00a0Bartek Woszczynski<br \/>Performing:\u00a0Francesca Tesoniero, Dominika Str\u00f3zewska, Bartek Woszczynski<br \/>Director\u2019s assistant:\u00a0Gabriela Arancibia<br \/>Music:\u00a0Atmo Music Productions &amp; Gonzalo Hern\u00e1ndez<br \/>Lighting direction:\u00a0Ileana Garc\u00eda Luj\u00e1n, Artur Wytrykus<br \/>Artwork:\u00a0Renata Orzeszek | Without Template<\/p>\n","protected":false},"excerpt":{"rendered":"<p>Ikarus\u2019 repertoire is incredibly diverse, including street shows, parades, performances, theatrical concerts.\u00a0 Ikarus Stage Arts repertoir, has taken part in [&hellip;]<\/p>\n","protected":false},"author":1,"featured_media":1736,"parent":0,"menu_order":2,"comment_status":"closed","ping_status":"closed","template":"page-templates\/template_page-builder.php","meta":{"footnotes":""},"class_list":["post-407","page","type-page","status-publish","has-post-thumbnail","hentry"],"yoast_head":"<!-- This site is optimized with the Yoast SEO plugin v27.4 - https:\/\/yoast.com\/product\/yoast-seo-wordpress\/ -->\n<title>Performances - Ikarus Stage Arts<\/title>\n<meta name=\"robots\" content=\"index, follow, max-snippet:-1, max-image-preview:large, max-video-preview:-1\" \/>\n<link rel=\"canonical\" href=\"https:\/\/ikarusstagearts.com\/en\/performances\/\" \/>\n<meta property=\"og:locale\" content=\"en_GB\" \/>\n<meta property=\"og:type\" content=\"article\" \/>\n<meta property=\"og:title\" content=\"Performances - Ikarus Stage Arts\" \/>\n<meta property=\"og:description\" content=\"Ikarus\u2019 repertoire is incredibly diverse, including street shows, parades, performances, theatrical concerts.\u00a0 Ikarus Stage Arts repertoir, has taken part in [&hellip;]\" \/>\n<meta property=\"og:url\" content=\"https:\/\/ikarusstagearts.com\/en\/performances\/\" \/>\n<meta property=\"og:site_name\" content=\"Ikarus Stage Arts\" \/>\n<meta property=\"article:publisher\" content=\"https:\/\/www.facebook.com\/ikarusstagearts\/\" \/>\n<meta property=\"article:modified_time\" content=\"2025-11-04T00:56:48+00:00\" \/>\n<meta property=\"og:image\" content=\"https:\/\/ikarusstagearts.com\/wp-content\/uploads\/2020\/07\/df381c4d-defd-435e-a658-d0295f97fff2.jpg\" \/>\n\t<meta property=\"og:image:width\" content=\"1080\" \/>\n\t<meta property=\"og:image:height\" content=\"608\" \/>\n\t<meta property=\"og:image:type\" content=\"image\/jpeg\" \/>\n<meta name=\"twitter:card\" content=\"summary_large_image\" \/>\n<meta name=\"twitter:label1\" content=\"Estimated reading time\" \/>\n\t<meta name=\"twitter:data1\" content=\"3 minutes\" \/>\n<script type=\"application\/ld+json\" class=\"yoast-schema-graph\">{\"@context\":\"https:\\\/\\\/schema.org\",\"@graph\":[{\"@type\":\"WebPage\",\"@id\":\"https:\\\/\\\/ikarusstagearts.com\\\/performances\\\/\",\"url\":\"https:\\\/\\\/ikarusstagearts.com\\\/performances\\\/\",\"name\":\"Performances - Ikarus Stage Arts\",\"isPartOf\":{\"@id\":\"https:\\\/\\\/ikarusstagearts.com\\\/en\\\/#website\"},\"primaryImageOfPage\":{\"@id\":\"https:\\\/\\\/ikarusstagearts.com\\\/performances\\\/#primaryimage\"},\"image\":{\"@id\":\"https:\\\/\\\/ikarusstagearts.com\\\/performances\\\/#primaryimage\"},\"thumbnailUrl\":\"https:\\\/\\\/ikarusstagearts.com\\\/wp-content\\\/uploads\\\/2020\\\/07\\\/df381c4d-defd-435e-a658-d0295f97fff2.jpg\",\"datePublished\":\"2019-09-22T07:23:31+00:00\",\"dateModified\":\"2025-11-04T00:56:48+00:00\",\"breadcrumb\":{\"@id\":\"https:\\\/\\\/ikarusstagearts.com\\\/performances\\\/#breadcrumb\"},\"inLanguage\":\"en-GB\",\"potentialAction\":[{\"@type\":\"ReadAction\",\"target\":[\"https:\\\/\\\/ikarusstagearts.com\\\/performances\\\/\"]}]},{\"@type\":\"ImageObject\",\"inLanguage\":\"en-GB\",\"@id\":\"https:\\\/\\\/ikarusstagearts.com\\\/performances\\\/#primaryimage\",\"url\":\"https:\\\/\\\/ikarusstagearts.com\\\/wp-content\\\/uploads\\\/2020\\\/07\\\/df381c4d-defd-435e-a658-d0295f97fff2.jpg\",\"contentUrl\":\"https:\\\/\\\/ikarusstagearts.com\\\/wp-content\\\/uploads\\\/2020\\\/07\\\/df381c4d-defd-435e-a658-d0295f97fff2.jpg\",\"width\":1080,\"height\":608},{\"@type\":\"BreadcrumbList\",\"@id\":\"https:\\\/\\\/ikarusstagearts.com\\\/performances\\\/#breadcrumb\",\"itemListElement\":[{\"@type\":\"ListItem\",\"position\":1,\"name\":\"Home\",\"item\":\"https:\\\/\\\/ikarusstagearts.com\\\/en\\\/\"},{\"@type\":\"ListItem\",\"position\":2,\"name\":\"Performances\"}]},{\"@type\":\"WebSite\",\"@id\":\"https:\\\/\\\/ikarusstagearts.com\\\/en\\\/#website\",\"url\":\"https:\\\/\\\/ikarusstagearts.com\\\/en\\\/\",\"name\":\"Ikarus Stage Arts\",\"description\":\"\",\"publisher\":{\"@id\":\"https:\\\/\\\/ikarusstagearts.com\\\/en\\\/#organization\"},\"potentialAction\":[{\"@type\":\"SearchAction\",\"target\":{\"@type\":\"EntryPoint\",\"urlTemplate\":\"https:\\\/\\\/ikarusstagearts.com\\\/en\\\/?s={search_term_string}\"},\"query-input\":{\"@type\":\"PropertyValueSpecification\",\"valueRequired\":true,\"valueName\":\"search_term_string\"}}],\"inLanguage\":\"en-GB\"},{\"@type\":\"Organization\",\"@id\":\"https:\\\/\\\/ikarusstagearts.com\\\/en\\\/#organization\",\"name\":\"Ikarus Stage Arts\",\"url\":\"https:\\\/\\\/ikarusstagearts.com\\\/en\\\/\",\"logo\":{\"@type\":\"ImageObject\",\"inLanguage\":\"en-GB\",\"@id\":\"https:\\\/\\\/ikarusstagearts.com\\\/en\\\/#\\\/schema\\\/logo\\\/image\\\/\",\"url\":\"https:\\\/\\\/ikarusstagearts.com\\\/wp-content\\\/uploads\\\/2019\\\/09\\\/IMG_20190624_165442.jpg\",\"contentUrl\":\"https:\\\/\\\/ikarusstagearts.com\\\/wp-content\\\/uploads\\\/2019\\\/09\\\/IMG_20190624_165442.jpg\",\"width\":1536,\"height\":1152,\"caption\":\"Ikarus Stage Arts\"},\"image\":{\"@id\":\"https:\\\/\\\/ikarusstagearts.com\\\/en\\\/#\\\/schema\\\/logo\\\/image\\\/\"},\"sameAs\":[\"https:\\\/\\\/www.facebook.com\\\/ikarusstagearts\\\/\"]}]}<\/script>\n<!-- \/ Yoast SEO plugin. -->","yoast_head_json":{"title":"Performances - Ikarus Stage Arts","robots":{"index":"index","follow":"follow","max-snippet":"max-snippet:-1","max-image-preview":"max-image-preview:large","max-video-preview":"max-video-preview:-1"},"canonical":"https:\/\/ikarusstagearts.com\/en\/performances\/","og_locale":"en_GB","og_type":"article","og_title":"Performances - Ikarus Stage Arts","og_description":"Ikarus\u2019 repertoire is incredibly diverse, including street shows, parades, performances, theatrical concerts.\u00a0 Ikarus Stage Arts repertoir, has taken part in [&hellip;]","og_url":"https:\/\/ikarusstagearts.com\/en\/performances\/","og_site_name":"Ikarus Stage Arts","article_publisher":"https:\/\/www.facebook.com\/ikarusstagearts\/","article_modified_time":"2025-11-04T00:56:48+00:00","og_image":[{"width":1080,"height":608,"url":"https:\/\/ikarusstagearts.com\/wp-content\/uploads\/2020\/07\/df381c4d-defd-435e-a658-d0295f97fff2.jpg","type":"image\/jpeg"}],"twitter_card":"summary_large_image","twitter_misc":{"Estimated reading time":"3 minutes"},"schema":{"@context":"https:\/\/schema.org","@graph":[{"@type":"WebPage","@id":"https:\/\/ikarusstagearts.com\/performances\/","url":"https:\/\/ikarusstagearts.com\/performances\/","name":"Performances - Ikarus Stage Arts","isPartOf":{"@id":"https:\/\/ikarusstagearts.com\/en\/#website"},"primaryImageOfPage":{"@id":"https:\/\/ikarusstagearts.com\/performances\/#primaryimage"},"image":{"@id":"https:\/\/ikarusstagearts.com\/performances\/#primaryimage"},"thumbnailUrl":"https:\/\/ikarusstagearts.com\/wp-content\/uploads\/2020\/07\/df381c4d-defd-435e-a658-d0295f97fff2.jpg","datePublished":"2019-09-22T07:23:31+00:00","dateModified":"2025-11-04T00:56:48+00:00","breadcrumb":{"@id":"https:\/\/ikarusstagearts.com\/performances\/#breadcrumb"},"inLanguage":"en-GB","potentialAction":[{"@type":"ReadAction","target":["https:\/\/ikarusstagearts.com\/performances\/"]}]},{"@type":"ImageObject","inLanguage":"en-GB","@id":"https:\/\/ikarusstagearts.com\/performances\/#primaryimage","url":"https:\/\/ikarusstagearts.com\/wp-content\/uploads\/2020\/07\/df381c4d-defd-435e-a658-d0295f97fff2.jpg","contentUrl":"https:\/\/ikarusstagearts.com\/wp-content\/uploads\/2020\/07\/df381c4d-defd-435e-a658-d0295f97fff2.jpg","width":1080,"height":608},{"@type":"BreadcrumbList","@id":"https:\/\/ikarusstagearts.com\/performances\/#breadcrumb","itemListElement":[{"@type":"ListItem","position":1,"name":"Home","item":"https:\/\/ikarusstagearts.com\/en\/"},{"@type":"ListItem","position":2,"name":"Performances"}]},{"@type":"WebSite","@id":"https:\/\/ikarusstagearts.com\/en\/#website","url":"https:\/\/ikarusstagearts.com\/en\/","name":"Ikarus Stage Arts","description":"","publisher":{"@id":"https:\/\/ikarusstagearts.com\/en\/#organization"},"potentialAction":[{"@type":"SearchAction","target":{"@type":"EntryPoint","urlTemplate":"https:\/\/ikarusstagearts.com\/en\/?s={search_term_string}"},"query-input":{"@type":"PropertyValueSpecification","valueRequired":true,"valueName":"search_term_string"}}],"inLanguage":"en-GB"},{"@type":"Organization","@id":"https:\/\/ikarusstagearts.com\/en\/#organization","name":"Ikarus Stage Arts","url":"https:\/\/ikarusstagearts.com\/en\/","logo":{"@type":"ImageObject","inLanguage":"en-GB","@id":"https:\/\/ikarusstagearts.com\/en\/#\/schema\/logo\/image\/","url":"https:\/\/ikarusstagearts.com\/wp-content\/uploads\/2019\/09\/IMG_20190624_165442.jpg","contentUrl":"https:\/\/ikarusstagearts.com\/wp-content\/uploads\/2019\/09\/IMG_20190624_165442.jpg","width":1536,"height":1152,"caption":"Ikarus Stage Arts"},"image":{"@id":"https:\/\/ikarusstagearts.com\/en\/#\/schema\/logo\/image\/"},"sameAs":["https:\/\/www.facebook.com\/ikarusstagearts\/"]}]}},"_links":{"self":[{"href":"https:\/\/ikarusstagearts.com\/en\/wp-json\/wp\/v2\/pages\/407","targetHints":{"allow":["GET"]}}],"collection":[{"href":"https:\/\/ikarusstagearts.com\/en\/wp-json\/wp\/v2\/pages"}],"about":[{"href":"https:\/\/ikarusstagearts.com\/en\/wp-json\/wp\/v2\/types\/page"}],"author":[{"embeddable":true,"href":"https:\/\/ikarusstagearts.com\/en\/wp-json\/wp\/v2\/users\/1"}],"replies":[{"embeddable":true,"href":"https:\/\/ikarusstagearts.com\/en\/wp-json\/wp\/v2\/comments?post=407"}],"version-history":[{"count":60,"href":"https:\/\/ikarusstagearts.com\/en\/wp-json\/wp\/v2\/pages\/407\/revisions"}],"predecessor-version":[{"id":7407,"href":"https:\/\/ikarusstagearts.com\/en\/wp-json\/wp\/v2\/pages\/407\/revisions\/7407"}],"wp:featuredmedia":[{"embeddable":true,"href":"https:\/\/ikarusstagearts.com\/en\/wp-json\/wp\/v2\/media\/1736"}],"wp:attachment":[{"href":"https:\/\/ikarusstagearts.com\/en\/wp-json\/wp\/v2\/media?parent=407"}],"curies":[{"name":"wp","href":"https:\/\/api.w.org\/{rel}","templated":true}]}}