{"id":1326,"date":"2020-02-28T19:04:26","date_gmt":"2020-02-28T18:04:39","guid":{"rendered":"https:\/\/ikarusstagearts.com\/about-us\/hola\/"},"modified":"2022-08-12T16:51:21","modified_gmt":"2022-08-12T14:51:21","slug":"ikarus-ensemble","status":"publish","type":"page","link":"https:\/\/ikarusstagearts.com\/en\/about-us\/ikarus-ensemble\/","title":{"rendered":"IKARUS ENSEMBLE"},"content":{"rendered":"<h1>IKARUS ENSEMBLE<\/h1>\n<p>\t\t\t\t\t\t\t<a href=\"https:\/\/ikarusstagearts.com\/wp-content\/uploads\/2022\/03\/11043260_10153163601822720_4570828795979835968_n-1.jpg\" data-elementor-open-lightbox=\"yes\" data-elementor-lightbox-slideshow=\"all-4da19cd\" data-elementor-lightbox-title=\"CAROLINA PIZARRO\" data-elementor-lightbox-description=\"Founder- Director\nChilean director, actor, teacher and scenic researcher.\" e-action-hash=\"#elementor-action%3Aaction%3Dlightbox%26settings%3DeyJpZCI6NDk4NywidXJsIjoiaHR0cHM6XC9cL2lrYXJ1c3N0YWdlYXJ0cy5jb21cL3dwLWNvbnRlbnRcL3VwbG9hZHNcLzIwMjJcLzAzXC8xMTA0MzI2MF8xMDE1MzE2MzYwMTgyMjcyMF80NTcwODI4Nzk1OTc5ODM1OTY4X24tMS5qcGciLCJzbGlkZXNob3ciOiJhbGwtNGRhMTljZCJ9\"><br \/>\n\t\t\t\t\t\t\t\t\t\t\t\t\t\t\t\t\t\tCAROLINA PIZARRO<br \/>\n\t\t\t\t\t\t\t\t\t<\/a><br \/>\n\t\t\t\t\t\t\t<a href=\"https:\/\/ikarusstagearts.com\/wp-content\/uploads\/2022\/03\/fra.jpg\" data-elementor-open-lightbox=\"yes\" data-elementor-lightbox-slideshow=\"all-4da19cd\" data-elementor-lightbox-title=\"FRANCESCA TESONIERO\" data-elementor-lightbox-description=\"Francesca is an Italian actress and architect. Her training includes several theatre and theatre anthropology workshops with companies such as Teatro Segreto (Italy) and Odin Teatret (Denmark). She has performed in numerous theatrical performances and in national theatrical reviews such as &quot;Secrets of Author - Festival of the Environment of Science and Arts&quot; in Cilento. She is founder and member of Ikarus Stage Arts since 2017 .\" e-action-hash=\"#elementor-action%3Aaction%3Dlightbox%26settings%3DeyJpZCI6NDc4MSwidXJsIjoiaHR0cHM6XC9cL2lrYXJ1c3N0YWdlYXJ0cy5jb21cL3dwLWNvbnRlbnRcL3VwbG9hZHNcLzIwMjJcLzAzXC9mcmEuanBnIiwic2xpZGVzaG93IjoiYWxsLTRkYTE5Y2QifQ%3D%3D\"><br \/>\n\t\t\t\t\t\t\t\t\t\t\t\t\t\t\t\t\t\tFRANCESCA TESONIERO<br \/>\n\t\t\t\t\t\t\t\t\t<\/a><br \/>\n\t\t\t\t\t\t\t<a href=\"https:\/\/ikarusstagearts.com\/wp-content\/uploads\/2022\/03\/202793939_10225175080546266_6621368179266854081_n.jpg\" data-elementor-open-lightbox=\"yes\" data-elementor-lightbox-slideshow=\"all-4da19cd\" data-elementor-lightbox-title=\"GABRIELA ARANCIBIA VILLAGRA\" data-elementor-lightbox-description=\"Actress graduated from the Universidad Finis Terrae, Chile in 2016 with the play Cabezas redondas y cabezas puntiagudas by Bertolt Brech and directed by Heidrun Breier. Collaborator of the teaching team of La Maquina del Arte between 2014-2016. With Misantropa Colectivo stages Jardiner\u00eda Humana by Rodrigo Garc\u00eda directed by Claudia Fern\u00e1ndez, and with Colectivo Ciclo de los Nervios stages En La Luna by Vicente Huidobro, a street musical-theater directed by Elvira Lopez.  \nIn May 2021 he had the premiere of his solo performance &quot;Destellos en un r\u00edo negro&quot; directed by Carolina Pizarro. \nShe is member of Ikarus Stage Arts since 2017.\" e-action-hash=\"#elementor-action%3Aaction%3Dlightbox%26settings%3DeyJpZCI6NDc2NCwidXJsIjoiaHR0cHM6XC9cL2lrYXJ1c3N0YWdlYXJ0cy5jb21cL3dwLWNvbnRlbnRcL3VwbG9hZHNcLzIwMjJcLzAzXC8yMDI3OTM5MzlfMTAyMjUxNzUwODA1NDYyNjZfNjYyMTM2ODE3OTI2Njg1NDA4MV9uLmpwZyIsInNsaWRlc2hvdyI6ImFsbC00ZGExOWNkIn0%3D\"><br \/>\n\t\t\t\t\t\t\t\t\t\t\t\t\t\t\t\t\t\tGABRIELA ARANCIBIA VILLAGRA<br \/>\n\t\t\t\t\t\t\t\t\t<\/a><br \/>\n\t\t\t\t\t\t\t<a href=\"https:\/\/ikarusstagearts.com\/wp-content\/uploads\/2022\/03\/270113675_4592141447558600_7852958916492841125_n-1-scaled.jpg\" data-elementor-open-lightbox=\"yes\" data-elementor-lightbox-slideshow=\"all-4da19cd\" data-elementor-lightbox-title=\"GONZALO HERNANDEZ\" data-elementor-lightbox-description=\"Chilean musician, multi-instrumentalist, singer, composer, actor and storyteller with a Bachelor Degree of Arts with music mention from the University of Chile. He has been involved in projects with multiple theatre companies performing at the most important theatre festivals in Chile and touring around the country in order to introduce art to small communities. He is a founder and member of Ikarus Stage Art since 2017, as well as its musical co-director.\" e-action-hash=\"#elementor-action%3Aaction%3Dlightbox%26settings%3DeyJpZCI6NDc3MSwidXJsIjoiaHR0cHM6XC9cL2lrYXJ1c3N0YWdlYXJ0cy5jb21cL3dwLWNvbnRlbnRcL3VwbG9hZHNcLzIwMjJcLzAzXC8yNzAxMTM2NzVfNDU5MjE0MTQ0NzU1ODYwMF83ODUyOTU4OTE2NDkyODQxMTI1X24tMS1zY2FsZWQuanBnIiwic2xpZGVzaG93IjoiYWxsLTRkYTE5Y2QifQ%3D%3D\"><br \/>\n\t\t\t\t\t\t\t\t\t\t\t\t\t\t\t\t\t\tGONZALO HERNANDEZ<br \/>\n\t\t\t\t\t\t\t\t\t<\/a><br \/>\n\t\t\t\t\t\t\t<a href=\"https:\/\/ikarusstagearts.com\/wp-content\/uploads\/2021\/02\/HT.jpg\" data-elementor-open-lightbox=\"yes\" data-elementor-lightbox-slideshow=\"all-4da19cd\" data-elementor-lightbox-title=\"YANG HUI-TSYR\" data-elementor-lightbox-description=\"Hui Tsyr is a taiwanese theatre creator. She has background in traditional chinese and taiwanese, fusion jazz dance. She is choreographer for inclusive art parade at Spring Wind Theatre in Taiwan. Her solo \u201cSister\u201d is presented in Terraza 01 at Arrapaineko. She was the Lang Yang Dancer for seven years. She is trained in Paris L\u2019Ecole Jaques Lecoq and Arthaus Berlin. She is a member of Ikarus Stage Arts since 2019.\n\" e-action-hash=\"#elementor-action%3Aaction%3Dlightbox%26settings%3DeyJpZCI6MzAxNiwidXJsIjoiaHR0cHM6XC9cL2lrYXJ1c3N0YWdlYXJ0cy5jb21cL3dwLWNvbnRlbnRcL3VwbG9hZHNcLzIwMjFcLzAyXC9IVC5qcGciLCJzbGlkZXNob3ciOiJhbGwtNGRhMTljZCJ9\"><br \/>\n\t\t\t\t\t\t\t\t\t\t\t\t\t\t\t\t\t\tYANG HUI-TSYR<br \/>\n\t\t\t\t\t\t\t\t\t<\/a><br \/>\n\t\t\t\t\t\t\t<a href=\"https:\/\/ikarusstagearts.com\/wp-content\/uploads\/2022\/03\/joao.jpg\" data-elementor-open-lightbox=\"yes\" data-elementor-lightbox-slideshow=\"all-4da19cd\" data-elementor-lightbox-title=\"JO\u00c3O DE SILVA\" data-elementor-lightbox-description=\"Portuguese actor, he holds a Vocational Educational Training in theater (Art\u00b4J, Albergaria-a-Velha). In 2013, he joined the cast of the theater company Trigo Limpo Teatro Acert where he remained for three years.\nIn 2016 he went to Barcelona to study at the Berty Tov\u00edas International Theater School (Jacques Lecoq pedagogy). Finally, he is the founder of APELARTE, an artistic association in Guinea-Bissau that develops projects of cultural formation and production.\n\" e-action-hash=\"#elementor-action%3Aaction%3Dlightbox%26settings%3DeyJpZCI6NDc3NiwidXJsIjoiaHR0cHM6XC9cL2lrYXJ1c3N0YWdlYXJ0cy5jb21cL3dwLWNvbnRlbnRcL3VwbG9hZHNcLzIwMjJcLzAzXC9qb2FvLmpwZyIsInNsaWRlc2hvdyI6ImFsbC00ZGExOWNkIn0%3D\"><br \/>\n\t\t\t\t\t\t\t\t\t\t\t\t\t\t\t\t\t\tJO\u00c3O DE SILVA<br \/>\n\t\t\t\t\t\t\t\t\t<\/a><br \/>\n\t\t\t\t\t\t\t<a href=\"https:\/\/ikarusstagearts.com\/wp-content\/uploads\/2022\/03\/Captura-de-pantalla-2019-09-23-a-las-20.32.57.jpg\" data-elementor-open-lightbox=\"yes\" data-elementor-lightbox-slideshow=\"all-4da19cd\" data-elementor-lightbox-title=\"LUIS ALONSO\" data-elementor-lightbox-description=\"Founder - Director\nChilean Director, actor and teacher.\" e-action-hash=\"#elementor-action%3Aaction%3Dlightbox%26settings%3DeyJpZCI6NDk4OCwidXJsIjoiaHR0cHM6XC9cL2lrYXJ1c3N0YWdlYXJ0cy5jb21cL3dwLWNvbnRlbnRcL3VwbG9hZHNcLzIwMjJcLzAzXC9DYXB0dXJhLWRlLXBhbnRhbGxhLTIwMTktMDktMjMtYS1sYXMtMjAuMzIuNTcuanBnIiwic2xpZGVzaG93IjoiYWxsLTRkYTE5Y2QifQ%3D%3D\"><br \/>\n\t\t\t\t\t\t\t\t\t\t\t\t\t\t\t\t\t\tLUIS ALONSO<br \/>\n\t\t\t\t\t\t\t\t\t<\/a><br \/>\n\t\t\t\t\t\t\t<a href=\"https:\/\/ikarusstagearts.com\/wp-content\/uploads\/2022\/03\/mati.jpg\" data-elementor-open-lightbox=\"yes\" data-elementor-lightbox-slideshow=\"all-4da19cd\" data-elementor-lightbox-title=\"MATIAS CARRUITERO\" data-elementor-lightbox-description=\"Matias is a biologist and performer from Patagonia Argentina. He plays the bass and the stick guitar. He performed in several festivals in Argentina and Europe on his own ( \u0308Cest d\u2019Best \u0308, \u0308Ferrara Buskers Festival \u0308, among others) and in Wuzhen (China) with Ikarus. \nHis training includes Clown, Contact Improvisation and Theatre Anthropology with several teachers and the argentinian theatre group \u0308El Brote \u0308. He is a collaborator of the company \u0308Dragonfly Tapping Instruments \u0308. \n\" e-action-hash=\"#elementor-action%3Aaction%3Dlightbox%26settings%3DeyJpZCI6NDc3NSwidXJsIjoiaHR0cHM6XC9cL2lrYXJ1c3N0YWdlYXJ0cy5jb21cL3dwLWNvbnRlbnRcL3VwbG9hZHNcLzIwMjJcLzAzXC9tYXRpLmpwZyIsInNsaWRlc2hvdyI6ImFsbC00ZGExOWNkIn0%3D\"><br \/>\n\t\t\t\t\t\t\t\t\t\t\t\t\t\t\t\t\t\tMATIAS CARRUITERO<br \/>\n\t\t\t\t\t\t\t\t\t<\/a><br \/>\n\t\t\t\t\t\t\t<a href=\"https:\/\/ikarusstagearts.com\/wp-content\/uploads\/2022\/03\/mi.jpg\" data-elementor-open-lightbox=\"yes\" data-elementor-lightbox-slideshow=\"all-4da19cd\" data-elementor-lightbox-title=\"MICHELLE MARIE RODR\u00cdGUEZ SANTIAGO\" data-elementor-lightbox-description=\"Michelle has work with theater companies and as an actress in the play Queishd &amp; Dilit by Gama Valle winner of the playwriters award of the 49th Puertorican theater festival 2008. On 2012 she graduated from theater at the University of Puerto Rico. In 2014 studied in the International School of Theater of Jacques Lecoq and at the University Sorbonne Nouvelle, Paris. Founder of L&#039;Entre-l\u00e0 Th\u00e9\u00e2tral, Paris.\" e-action-hash=\"#elementor-action%3Aaction%3Dlightbox%26settings%3DeyJpZCI6NDc3NywidXJsIjoiaHR0cHM6XC9cL2lrYXJ1c3N0YWdlYXJ0cy5jb21cL3dwLWNvbnRlbnRcL3VwbG9hZHNcLzIwMjJcLzAzXC9taS5qcGciLCJzbGlkZXNob3ciOiJhbGwtNGRhMTljZCJ9\"><br \/>\n\t\t\t\t\t\t\t\t\t\t\t\t\t\t\t\t\t\tMICHELLE MARIE RODR\u00cdGUEZ SANTIAGO<br \/>\n\t\t\t\t\t\t\t\t\t<\/a><br \/>\n\t\t\t\t\t\t\t<a href=\"https:\/\/ikarusstagearts.com\/wp-content\/uploads\/2022\/03\/pablo2.jpg\" data-elementor-open-lightbox=\"yes\" data-elementor-lightbox-slideshow=\"all-4da19cd\" data-elementor-lightbox-title=\"PABLO LARA\" data-elementor-lightbox-description=\"Pablo Lara is an actor and singer from Spain.  He studied acting at the Higher School of Acting of Malaga and completed a master in Musical Theatre Performance at the Royal Conservatoire of Scotland. Apart from devising some short plays and Cabarets he was also casted in several national and regional tours in Spain, working for companies like NOOMA Producciones, NOSE Teatro and El Terral Teatro. He performed at the Edinburgh Fringe Festival with two musical productions  in 2019: Legally Blonde and Limbo: City of Dreams.\" e-action-hash=\"#elementor-action%3Aaction%3Dlightbox%26settings%3DeyJpZCI6NDc3MywidXJsIjoiaHR0cHM6XC9cL2lrYXJ1c3N0YWdlYXJ0cy5jb21cL3dwLWNvbnRlbnRcL3VwbG9hZHNcLzIwMjJcLzAzXC9wYWJsbzIuanBnIiwic2xpZGVzaG93IjoiYWxsLTRkYTE5Y2QifQ%3D%3D\"><br \/>\n\t\t\t\t\t\t\t\t\t\t\t\t\t\t\t\t\t\tPABLO LARA<br \/>\n\t\t\t\t\t\t\t\t\t<\/a><br \/>\n\t\t\t\t\t\t\t<a href=\"https:\/\/ikarusstagearts.com\/wp-content\/uploads\/2022\/03\/Rodrigo-Contreras-1-1-scaled.jpg\" data-elementor-open-lightbox=\"yes\" data-elementor-lightbox-slideshow=\"all-4da19cd\" data-elementor-lightbox-title=\"RODRIGO CONTRERAS\" data-elementor-lightbox-description=\"Rodrigo is a Chilean composer and cimbalom player, graduated as Master in Music (Ethnomusicology) at the University of Manchester, former member of Chilean bands linked to Balkan music. In 2016-2017 he studied Folk Cimbalom at the Liszt Academy in Budapest. In 2018-2019 he made an artistic residence with Ikarus Stage Arts at the Odin Teatret. In 2019, he obtained the third place in the Budapest Music Center Cimbalom Competition in Hungary.\n\" e-action-hash=\"#elementor-action%3Aaction%3Dlightbox%26settings%3DeyJpZCI6NDc3NCwidXJsIjoiaHR0cHM6XC9cL2lrYXJ1c3N0YWdlYXJ0cy5jb21cL3dwLWNvbnRlbnRcL3VwbG9hZHNcLzIwMjJcLzAzXC9Sb2RyaWdvLUNvbnRyZXJhcy0xLTEtc2NhbGVkLmpwZyIsInNsaWRlc2hvdyI6ImFsbC00ZGExOWNkIn0%3D\"><br \/>\n\t\t\t\t\t\t\t\t\t\t\t\t\t\t\t\t\t\tRODRIGO CONTRERAS<br \/>\n\t\t\t\t\t\t\t\t\t<\/a><br \/>\n\t\t\t\t\t\t\t<a href=\"https:\/\/ikarusstagearts.com\/wp-content\/uploads\/2022\/08\/simonn.jpg\" data-elementor-open-lightbox=\"yes\" data-elementor-lightbox-slideshow=\"all-4da19cd\" data-elementor-lightbox-title=\"SIMON SAMUELSSON\" data-elementor-lightbox-description=\"Simon is a swedish actor trained in Skara Skolscen, Sweden and LISPA Berlin, Germany. Has been living and working with Ikarus Stage Arts under Nordisk Teaterlaboratorium in Holstebro, Denmark since march 2019. Since 2015 he has been creating, directing and performing his own theatrical works in Sweden and Germany.\u00a0He has a background in Contact Improvisation and the Feldenkrais method. He has also studied clowning in several contexts.\" e-action-hash=\"#elementor-action%3Aaction%3Dlightbox%26settings%3DeyJpZCI6NjQzNCwidXJsIjoiaHR0cHM6XC9cL2lrYXJ1c3N0YWdlYXJ0cy5jb21cL3dwLWNvbnRlbnRcL3VwbG9hZHNcLzIwMjJcLzA4XC9zaW1vbm4uanBnIiwic2xpZGVzaG93IjoiYWxsLTRkYTE5Y2QifQ%3D%3D\"><br \/>\n\t\t\t\t\t\t\t\t\t\t\t\t\t\t\t\t\t\tSIMON SAMUELSSON<br \/>\n\t\t\t\t\t\t\t\t\t<\/a><br \/>\n\t\t\t\t\t\t\t<a href=\"https:\/\/ikarusstagearts.com\/wp-content\/uploads\/2021\/01\/IMG_3994-2.jpg\" data-elementor-open-lightbox=\"yes\" data-elementor-lightbox-slideshow=\"all-4da19cd\" data-elementor-lightbox-title=\"SIGRID NORHEIM \u00d8RNTOFT\" data-elementor-lightbox-description=\"Sigrid is a Danish\/Norwegian actor-dancer and creator. Before being a part of Ikarus, she has studied at Dell\u2019Arte International School of Physical Theatre (CA\/USA), as well as Dance-theatre at Copenhagen Academy of Music, Dance og Theater. She has created performances for art museums, art festivals, churches and theatres both in Denmark and USA. She has also worked with film and music videos, and has taught workshops in hip hop, contemporary\/experimental and swing dance.\n\" e-action-hash=\"#elementor-action%3Aaction%3Dlightbox%26settings%3DeyJpZCI6MjA2NSwidXJsIjoiaHR0cHM6XC9cL2lrYXJ1c3N0YWdlYXJ0cy5jb21cL3dwLWNvbnRlbnRcL3VwbG9hZHNcLzIwMjFcLzAxXC9JTUdfMzk5NC0yLmpwZyIsInNsaWRlc2hvdyI6ImFsbC00ZGExOWNkIn0%3D\"><br \/>\n\t\t\t\t\t\t\t\t\t\t\t\t\t\t\t\t\t\tSIGRID NORHEIM \u00d8RNTOFT<br \/>\n\t\t\t\t\t\t\t\t\t<\/a><br \/>\n\t\t\t\t\t\t\t<a href=\"https:\/\/ikarusstagearts.com\/wp-content\/uploads\/2019\/09\/Captura-de-pantalla-2019-09-23-a-las-21.18.27-e1614937753374.jpg\" data-elementor-open-lightbox=\"yes\" data-elementor-lightbox-slideshow=\"all-4da19cd\" data-elementor-lightbox-title=\"YESSICA ALVARADO &amp; JOHN VELASCO\" data-elementor-lightbox-description=\"Yessica Alvarado and John Velasco. Actors of the faculty of Arts of the District University of Bogot\u00e1. They gave theatre introduction workshops to children, youngsters and adults in vulnerable conditions in cities like Bogot\u00e1, Quito and Holstebro.\nActive members of Ikarus Stage Arts since its beginning in 2017. This is where they developed the staging of their performance &quot;Te duele?&quot; and participated in the various group activities belonging to the project.\" e-action-hash=\"#elementor-action%3Aaction%3Dlightbox%26settings%3DeyJpZCI6NjMxLCJ1cmwiOiJodHRwczpcL1wvaWthcnVzc3RhZ2VhcnRzLmNvbVwvd3AtY29udGVudFwvdXBsb2Fkc1wvMjAxOVwvMDlcL0NhcHR1cmEtZGUtcGFudGFsbGEtMjAxOS0wOS0yMy1hLWxhcy0yMS4xOC4yNy1lMTYxNDkzNzc1MzM3NC5qcGciLCJzbGlkZXNob3ciOiJhbGwtNGRhMTljZCJ9\"><br \/>\n\t\t\t\t\t\t\t\t\t\t\t\t\t\t\t\t\t\tYESSICA ALVARADO &#038; JOHN VELASCO<br \/>\n\t\t\t\t\t\t\t\t\t<\/a><br \/>\n\t\t\t\t\t\t\t<a href=\"https:\/\/ikarusstagearts.com\/wp-content\/uploads\/2022\/03\/198769754_10222274259678705_488267437933745842_n-2.jpg\" data-elementor-open-lightbox=\"yes\" data-elementor-lightbox-slideshow=\"all-4da19cd\" data-elementor-lightbox-title=\"Zuzana \u010eur\u00edkov\u00e1\" data-elementor-lightbox-description=\"Zuzana is an actress and a singer from Slovakia. She graduated bachelor and master degree in acting at the Akad\u00e9mia Umen\u00ed in Bansk\u00e1 Bystrica, Slovakia. In 2012 she worked as an actress in B\u00e1bkov\u00e9 Divadlo na R\u00e1zcest\u00ed (Slovakia). She also collaborated on the Gruss Gruss Lake project in The Continuo Theatre (Czech Republic) and performed in several street shows in Slovakia, Spain, Italy and Croatia. From 2013 she worked as a performer and a co-director in Teatro Burlesque (Palma de Mallorca, Spain). \" e-action-hash=\"#elementor-action%3Aaction%3Dlightbox%26settings%3DeyJpZCI6NDc4NSwidXJsIjoiaHR0cHM6XC9cL2lrYXJ1c3N0YWdlYXJ0cy5jb21cL3dwLWNvbnRlbnRcL3VwbG9hZHNcLzIwMjJcLzAzXC8xOTg3Njk3NTRfMTAyMjIyNzQyNTk2Nzg3MDVfNDg4MjY3NDM3OTMzNzQ1ODQyX24tMi5qcGciLCJzbGlkZXNob3ciOiJhbGwtNGRhMTljZCJ9\"><br \/>\n\t\t\t\t\t\t\t\t\t\t\t\t\t\t\t\t\t\tZuzana \u010eur\u00edkov\u00e1<br \/>\n\t\t\t\t\t\t\t\t\t<\/a><\/p>\n","protected":false},"excerpt":{"rendered":"<p>IKARUS ENSEMBLE CAROLINA PIZARRO FRANCESCA TESONIERO GABRIELA ARANCIBIA VILLAGRA GONZALO HERNANDEZ YANG HUI-TSYR JO\u00c3O DE SILVA LUIS ALONSO MATIAS CARRUITERO [&hellip;]<\/p>\n","protected":false},"author":10,"featured_media":0,"parent":370,"menu_order":0,"comment_status":"closed","ping_status":"closed","template":"page-templates\/template_page-builder.php","meta":{"footnotes":""},"class_list":["post-1326","page","type-page","status-publish","hentry"],"yoast_head":"<!-- This site is optimized with the Yoast SEO plugin v27.6 - https:\/\/yoast.com\/product\/yoast-seo-wordpress\/ -->\n<title>IKARUS ENSEMBLE - Ikarus Stage Arts<\/title>\n<meta name=\"robots\" content=\"index, follow, max-snippet:-1, max-image-preview:large, max-video-preview:-1\" \/>\n<link rel=\"canonical\" href=\"https:\/\/ikarusstagearts.com\/en\/about-us\/ikarus-ensemble\/\" \/>\n<meta property=\"og:locale\" content=\"en_GB\" \/>\n<meta property=\"og:type\" content=\"article\" \/>\n<meta property=\"og:title\" content=\"IKARUS ENSEMBLE - Ikarus Stage Arts\" \/>\n<meta property=\"og:description\" content=\"IKARUS ENSEMBLE CAROLINA PIZARRO FRANCESCA TESONIERO GABRIELA ARANCIBIA VILLAGRA GONZALO HERNANDEZ YANG HUI-TSYR JO\u00c3O DE SILVA LUIS ALONSO MATIAS CARRUITERO [&hellip;]\" \/>\n<meta property=\"og:url\" content=\"https:\/\/ikarusstagearts.com\/en\/about-us\/ikarus-ensemble\/\" \/>\n<meta property=\"og:site_name\" content=\"Ikarus Stage Arts\" \/>\n<meta property=\"article:publisher\" content=\"https:\/\/www.facebook.com\/ikarusstagearts\/\" \/>\n<meta property=\"article:modified_time\" content=\"2022-08-12T14:51:21+00:00\" \/>\n<meta name=\"twitter:card\" content=\"summary_large_image\" \/>\n<meta name=\"twitter:label1\" content=\"Estimated reading time\" \/>\n\t<meta name=\"twitter:data1\" content=\"1 minute\" \/>\n<script type=\"application\/ld+json\" class=\"yoast-schema-graph\">{\"@context\":\"https:\\\/\\\/schema.org\",\"@graph\":[{\"@type\":\"WebPage\",\"@id\":\"https:\\\/\\\/ikarusstagearts.com\\\/about-us\\\/ikarus-ensemble\\\/\",\"url\":\"https:\\\/\\\/ikarusstagearts.com\\\/about-us\\\/ikarus-ensemble\\\/\",\"name\":\"IKARUS ENSEMBLE - Ikarus Stage Arts\",\"isPartOf\":{\"@id\":\"https:\\\/\\\/ikarusstagearts.com\\\/en\\\/#website\"},\"datePublished\":\"2020-02-28T18:04:39+00:00\",\"dateModified\":\"2022-08-12T14:51:21+00:00\",\"breadcrumb\":{\"@id\":\"https:\\\/\\\/ikarusstagearts.com\\\/about-us\\\/ikarus-ensemble\\\/#breadcrumb\"},\"inLanguage\":\"en-GB\",\"potentialAction\":[{\"@type\":\"ReadAction\",\"target\":[\"https:\\\/\\\/ikarusstagearts.com\\\/about-us\\\/ikarus-ensemble\\\/\"]}]},{\"@type\":\"BreadcrumbList\",\"@id\":\"https:\\\/\\\/ikarusstagearts.com\\\/about-us\\\/ikarus-ensemble\\\/#breadcrumb\",\"itemListElement\":[{\"@type\":\"ListItem\",\"position\":1,\"name\":\"Home\",\"item\":\"https:\\\/\\\/ikarusstagearts.com\\\/en\\\/\"},{\"@type\":\"ListItem\",\"position\":2,\"name\":\"About us\",\"item\":\"https:\\\/\\\/ikarusstagearts.com\\\/about-us\\\/\"},{\"@type\":\"ListItem\",\"position\":3,\"name\":\"IKARUS ENSEMBLE\"}]},{\"@type\":\"WebSite\",\"@id\":\"https:\\\/\\\/ikarusstagearts.com\\\/en\\\/#website\",\"url\":\"https:\\\/\\\/ikarusstagearts.com\\\/en\\\/\",\"name\":\"Ikarus Stage Arts\",\"description\":\"\",\"publisher\":{\"@id\":\"https:\\\/\\\/ikarusstagearts.com\\\/en\\\/#organization\"},\"potentialAction\":[{\"@type\":\"SearchAction\",\"target\":{\"@type\":\"EntryPoint\",\"urlTemplate\":\"https:\\\/\\\/ikarusstagearts.com\\\/en\\\/?s={search_term_string}\"},\"query-input\":{\"@type\":\"PropertyValueSpecification\",\"valueRequired\":true,\"valueName\":\"search_term_string\"}}],\"inLanguage\":\"en-GB\"},{\"@type\":\"Organization\",\"@id\":\"https:\\\/\\\/ikarusstagearts.com\\\/en\\\/#organization\",\"name\":\"Ikarus Stage Arts\",\"url\":\"https:\\\/\\\/ikarusstagearts.com\\\/en\\\/\",\"logo\":{\"@type\":\"ImageObject\",\"inLanguage\":\"en-GB\",\"@id\":\"https:\\\/\\\/ikarusstagearts.com\\\/en\\\/#\\\/schema\\\/logo\\\/image\\\/\",\"url\":\"https:\\\/\\\/ikarusstagearts.com\\\/wp-content\\\/uploads\\\/2019\\\/09\\\/IMG_20190624_165442.jpg\",\"contentUrl\":\"https:\\\/\\\/ikarusstagearts.com\\\/wp-content\\\/uploads\\\/2019\\\/09\\\/IMG_20190624_165442.jpg\",\"width\":1536,\"height\":1152,\"caption\":\"Ikarus Stage Arts\"},\"image\":{\"@id\":\"https:\\\/\\\/ikarusstagearts.com\\\/en\\\/#\\\/schema\\\/logo\\\/image\\\/\"},\"sameAs\":[\"https:\\\/\\\/www.facebook.com\\\/ikarusstagearts\\\/\"]}]}<\/script>\n<!-- \/ Yoast SEO plugin. -->","yoast_head_json":{"title":"IKARUS ENSEMBLE - Ikarus Stage Arts","robots":{"index":"index","follow":"follow","max-snippet":"max-snippet:-1","max-image-preview":"max-image-preview:large","max-video-preview":"max-video-preview:-1"},"canonical":"https:\/\/ikarusstagearts.com\/en\/about-us\/ikarus-ensemble\/","og_locale":"en_GB","og_type":"article","og_title":"IKARUS ENSEMBLE - Ikarus Stage Arts","og_description":"IKARUS ENSEMBLE CAROLINA PIZARRO FRANCESCA TESONIERO GABRIELA ARANCIBIA VILLAGRA GONZALO HERNANDEZ YANG HUI-TSYR JO\u00c3O DE SILVA LUIS ALONSO MATIAS CARRUITERO [&hellip;]","og_url":"https:\/\/ikarusstagearts.com\/en\/about-us\/ikarus-ensemble\/","og_site_name":"Ikarus Stage Arts","article_publisher":"https:\/\/www.facebook.com\/ikarusstagearts\/","article_modified_time":"2022-08-12T14:51:21+00:00","twitter_card":"summary_large_image","twitter_misc":{"Estimated reading time":"1 minute"},"schema":{"@context":"https:\/\/schema.org","@graph":[{"@type":"WebPage","@id":"https:\/\/ikarusstagearts.com\/about-us\/ikarus-ensemble\/","url":"https:\/\/ikarusstagearts.com\/about-us\/ikarus-ensemble\/","name":"IKARUS ENSEMBLE - Ikarus Stage Arts","isPartOf":{"@id":"https:\/\/ikarusstagearts.com\/en\/#website"},"datePublished":"2020-02-28T18:04:39+00:00","dateModified":"2022-08-12T14:51:21+00:00","breadcrumb":{"@id":"https:\/\/ikarusstagearts.com\/about-us\/ikarus-ensemble\/#breadcrumb"},"inLanguage":"en-GB","potentialAction":[{"@type":"ReadAction","target":["https:\/\/ikarusstagearts.com\/about-us\/ikarus-ensemble\/"]}]},{"@type":"BreadcrumbList","@id":"https:\/\/ikarusstagearts.com\/about-us\/ikarus-ensemble\/#breadcrumb","itemListElement":[{"@type":"ListItem","position":1,"name":"Home","item":"https:\/\/ikarusstagearts.com\/en\/"},{"@type":"ListItem","position":2,"name":"About us","item":"https:\/\/ikarusstagearts.com\/about-us\/"},{"@type":"ListItem","position":3,"name":"IKARUS ENSEMBLE"}]},{"@type":"WebSite","@id":"https:\/\/ikarusstagearts.com\/en\/#website","url":"https:\/\/ikarusstagearts.com\/en\/","name":"Ikarus Stage Arts","description":"","publisher":{"@id":"https:\/\/ikarusstagearts.com\/en\/#organization"},"potentialAction":[{"@type":"SearchAction","target":{"@type":"EntryPoint","urlTemplate":"https:\/\/ikarusstagearts.com\/en\/?s={search_term_string}"},"query-input":{"@type":"PropertyValueSpecification","valueRequired":true,"valueName":"search_term_string"}}],"inLanguage":"en-GB"},{"@type":"Organization","@id":"https:\/\/ikarusstagearts.com\/en\/#organization","name":"Ikarus Stage Arts","url":"https:\/\/ikarusstagearts.com\/en\/","logo":{"@type":"ImageObject","inLanguage":"en-GB","@id":"https:\/\/ikarusstagearts.com\/en\/#\/schema\/logo\/image\/","url":"https:\/\/ikarusstagearts.com\/wp-content\/uploads\/2019\/09\/IMG_20190624_165442.jpg","contentUrl":"https:\/\/ikarusstagearts.com\/wp-content\/uploads\/2019\/09\/IMG_20190624_165442.jpg","width":1536,"height":1152,"caption":"Ikarus Stage Arts"},"image":{"@id":"https:\/\/ikarusstagearts.com\/en\/#\/schema\/logo\/image\/"},"sameAs":["https:\/\/www.facebook.com\/ikarusstagearts\/"]}]}},"_links":{"self":[{"href":"https:\/\/ikarusstagearts.com\/en\/wp-json\/wp\/v2\/pages\/1326","targetHints":{"allow":["GET"]}}],"collection":[{"href":"https:\/\/ikarusstagearts.com\/en\/wp-json\/wp\/v2\/pages"}],"about":[{"href":"https:\/\/ikarusstagearts.com\/en\/wp-json\/wp\/v2\/types\/page"}],"author":[{"embeddable":true,"href":"https:\/\/ikarusstagearts.com\/en\/wp-json\/wp\/v2\/users\/10"}],"replies":[{"embeddable":true,"href":"https:\/\/ikarusstagearts.com\/en\/wp-json\/wp\/v2\/comments?post=1326"}],"version-history":[{"count":60,"href":"https:\/\/ikarusstagearts.com\/en\/wp-json\/wp\/v2\/pages\/1326\/revisions"}],"predecessor-version":[{"id":6437,"href":"https:\/\/ikarusstagearts.com\/en\/wp-json\/wp\/v2\/pages\/1326\/revisions\/6437"}],"up":[{"embeddable":true,"href":"https:\/\/ikarusstagearts.com\/en\/wp-json\/wp\/v2\/pages\/370"}],"wp:attachment":[{"href":"https:\/\/ikarusstagearts.com\/en\/wp-json\/wp\/v2\/media?parent=1326"}],"curies":[{"name":"wp","href":"https:\/\/api.w.org\/{rel}","templated":true}]}}